{"id":4457,"date":"2025-03-13T15:55:11","date_gmt":"2025-03-13T15:55:11","guid":{"rendered":"https:\/\/irajalipour.com\/?page_id=4457"},"modified":"2025-03-13T15:57:07","modified_gmt":"2025-03-13T15:57:07","slug":"datenschutz","status":"publish","type":"page","link":"https:\/\/irajalipour.com\/index.php\/datenschutz\/","title":{"rendered":"Datenschutz"},"content":{"rendered":"\t\t<div data-elementor-type=\"wp-post\" data-elementor-id=\"4457\" class=\"elementor elementor-4457\">\n\t\t\t\t\t\t<section class=\"elementor-section elementor-top-section elementor-element elementor-element-fe22a0b elementor-section-full_width elementor-section-height-full elementor-section-height-default elementor-section-items-middle\" data-id=\"fe22a0b\" data-element_type=\"section\" data-e-type=\"section\">\n\t\t\t\t\t\t<div class=\"elementor-container elementor-column-gap-no\">\n\t\t\t\t\t<div class=\"elementor-column elementor-col-100 elementor-top-column elementor-element elementor-element-385b0f8\" data-id=\"385b0f8\" data-element_type=\"column\" data-e-type=\"column\">\n\t\t\t<div class=\"elementor-widget-wrap elementor-element-populated\">\n\t\t\t\t\t\t<div class=\"elementor-element elementor-element-a545639 elementor-widget elementor-widget-slider_revolution\" data-id=\"a545639\" data-element_type=\"widget\" data-e-type=\"widget\" data-widget_type=\"slider_revolution.default\">\n\t\t\t\t<div class=\"elementor-widget-container\">\n\t\t\t\t\t\n\t\t<div class=\"wp-block-themepunch-revslider\">\n\t\t\t\t<p class=\"rs-p-wp-fix\"><\/p>\n\t\t\t\t<sr7-module data-alias=\"home\" data-id=\"1\" id=\"SR7_1_1\" class=\"rs-ov-hidden\" data-version=\"6.7.18\">\n\t\t\t\t\t<sr7-adjuster><\/sr7-adjuster>\n\t\t\t\t\t<sr7-content>\n\t\t\t\t\t\t<sr7-slide id=\"SR7_1_1-1\" data-key=\"1\">\n\t\t\t\t\t\t\t<sr7-bg id=\"SR7_1_1-1-14\" class=\"sr7-layer\"><noscript><img decoding=\"async\" src=\"https:\/\/irajalipour.com\/wp-content\/uploads\/2024\/10\/gegdgf.jpg\" alt=\"\" title=\"gegdgf\"><\/noscript><\/sr7-bg>\n\t\t\t\t\t\t\t<sr7-txt id=\"SR7_1_1-1-1\" class=\"sr7-layer\">Projekte<\/sr7-txt>\n\t\t\t\t\t\t\t<sr7-txt id=\"SR7_1_1-1-5\" class=\"sr7-layer\">Politische Treffen<\/sr7-txt>\n\t\t\t\t\t\t\t<a id=\"SR7_1_1-1-7\" class=\"sr7-layer\" href=\"https:\/\/irajalipour.com\/index.php\/werte\/\" target=\"_self\">Die Werte der EWS<\/a>\n\t\t\t\t\t\t\t<sr7-txt id=\"SR7_1_1-1-10\" class=\"sr7-layer\">Iraj Alipour<\/sr7-txt>\n\t\t\t\t\t\t\t<sr7-txt id=\"SR7_1_1-1-12\" class=\"sr7-layer\">Wirtschaftssenator <\/sr7-txt>\n\t\t\t\t\t\t<\/sr7-slide>\n\t\t\t\t\t\t<sr7-slide id=\"SR7_1_1-7\" data-key=\"7\">\n\t\t\t\t\t\t\t<sr7-bg id=\"SR7_1_1-7-14\" class=\"sr7-layer\"><noscript><img decoding=\"async\" src=\"https:\/\/irajalipour.com\/wp-content\/uploads\/2024\/10\/EWS-Besuch-Europaeischer-Rechnungshof-1-scaled.jpg\" alt=\"\" title=\"EWS Besuch Europ\u00e4ischer Rechnungshof\"><\/noscript><\/sr7-bg>\n\t\t\t\t\t\t\t<sr7-txt id=\"SR7_1_1-7-1\" class=\"sr7-layer\">Projekte<\/sr7-txt>\n\t\t\t\t\t\t\t<sr7-txt id=\"SR7_1_1-7-5\" class=\"sr7-layer\">Politische Treffen<\/sr7-txt>\n\t\t\t\t\t\t\t<a id=\"SR7_1_1-7-7\" class=\"sr7-layer\" href=\"https:\/\/irajalipour.com\/index.php\/werte\/\" target=\"_self\">Die Werte der EWS<\/a>\n\t\t\t\t\t\t\t<sr7-txt id=\"SR7_1_1-7-10\" class=\"sr7-layer\">Iraj Alipour<\/sr7-txt>\n\t\t\t\t\t\t\t<sr7-txt id=\"SR7_1_1-7-12\" class=\"sr7-layer\">Wirtschaftssenator <\/sr7-txt>\n\t\t\t\t\t\t<\/sr7-slide>\n\t\t\t\t\t\t<sr7-slide id=\"SR7_1_1-3\" data-key=\"3\">\n\t\t\t\t\t\t<\/sr7-slide>\n\t\t\t\t\t<\/sr7-content>\n\t\t\t\t\t<image_lists style=\"display:none\">\n\t\t\t\t\t\t<img data-src=\"\/\/irajalipour.com\/wp-content\/uploads\/2024\/09\/EES.gif\" data-libid=\"3959\" data-lib=\"medialibrary\" title=\"EES\" width=\"0\" height=\"0\" data-dbsrc=\"Ly9pcmFqYWxpcG91ci5jb20vd3AtY29udGVudC91cGxvYWRzLzIwMjQvMDkvRUVTLmdpZg==\"\/>\n\t\t\t\t\t\t<img data-src=\"\/\/insura.brickthemes.com\/wp-content\/uploads\/2019\/08\/analysis-w.png\" width=\"0\" height=\"0\" data-dbsrc=\"Ly9pbnN1cmEuYnJpY2t0aGVtZXMuY29tL3dwLWNvbnRlbnQvdXBsb2Fkcy8yMDE5LzA4L2FuYWx5c2lzLXcucG5n\"\/>\n\t\t\t\t\t\t<img data-src=\"\/\/insura.brickthemes.com\/wp-content\/uploads\/2019\/08\/contract-w.png\" width=\"0\" height=\"0\" data-dbsrc=\"Ly9pbnN1cmEuYnJpY2t0aGVtZXMuY29tL3dwLWNvbnRlbnQvdXBsb2Fkcy8yMDE5LzA4L2NvbnRyYWN0LXcucG5n\"\/>\n\t\t\t\t\t\t<img loading=\"lazy\" data-src=\"\/\/insura.brickthemes.com\/wp-content\/uploads\/2019\/08\/life-insurance-w.png\" width=\"0\" height=\"0\" data-dbsrc=\"Ly9pbnN1cmEuYnJpY2t0aGVtZXMuY29tL3dwLWNvbnRlbnQvdXBsb2Fkcy8yMDE5LzA4L2xpZmUtaW5zdXJhbmNlLXcucG5n\"\/>\n\t\t\t\t\t\t<img loading=\"lazy\" data-src=\"\/\/irajalipour.com\/wp-content\/uploads\/2024\/10\/ews-280x300-1.webp\" data-libid=\"4124\" data-lib=\"medialibrary\" title=\"ews-280&#215;300\" width=\"0\" height=\"0\" data-dbsrc=\"Ly9pcmFqYWxpcG91ci5jb20vd3AtY29udGVudC91cGxvYWRzLzIwMjQvMTAvZXdzLTI4MHgzMDAtMS53ZWJw\"\/>\n\t\t\t\t\t\t<img loading=\"lazy\" data-src=\"\/\/irajalipour.com\/wp-content\/uploads\/2024\/10\/gegdgf.jpg\" data-libid=\"4129\" data-lib=\"medialibrary\" title=\"gegdgf\" width=\"0\" height=\"0\" data-dbsrc=\"Ly9pcmFqYWxpcG91ci5jb20vd3AtY29udGVudC91cGxvYWRzLzIwMjQvMTAvZ2VnZGdmLmpwZw==\"\/>\n\t\t\t\t\t\t<img loading=\"lazy\" data-src=\"\/\/irajalipour.com\/wp-content\/uploads\/2024\/10\/EWS-Besuch-Europaeischer-Rechnungshof-1-scaled.jpg\" data-libid=\"4123\" data-lib=\"medialibrary\" title=\"EWS Besuch Europ\u00e4ischer Rechnungshof\" width=\"0\" height=\"0\" data-dbsrc=\"Ly9pcmFqYWxpcG91ci5jb20vd3AtY29udGVudC91cGxvYWRzLzIwMjQvMTAvRVdTLUJlc3VjaC1FdXJvcGFlaXNjaGVyLVJlY2hudW5nc2hvZi0xLXNjYWxlZC5qcGc=\"\/>\n\t\t\t\t\t<\/image_lists>\n\t\t\t\t<\/sr7-module>\n\t\t\t\t<script>\n\t\t\t\t\tSR7.PMH ??={}; SR7.PMH[\"SR7_1_1\"] = {cn:0,state:false,fn: function() { if (_tpt!==undefined && _tpt.prepareModuleHeight !== undefined) {  _tpt.prepareModuleHeight({id:\"SR7_1_1\",el:[868,868,868,868,720],type:'standard',shdw:'0',gh:[868,868,868,868,720],gw:[1240,1240,1240,1240,480],vpt:['-200px&#039;,&#039;-200px&#039;,&#039;-200px&#039;,&#039;-200px&#039;,&#039;-200px'],size:{fullWidth:true, fullHeight:true},fho:',',mh:'0',onh:0,onw:0,bg:{color:'{\"orig\":\"transparent\",\"type\":\"solid\",\"string\":\"transparent\"}'},plType:'0',plColor:'#FFFFFF'});   SR7.PMH[\"SR7_1_1\"].state=true;} else if((SR7.PMH[\"SR7_1_1\"].cn++)<100)\tsetTimeout( SR7.PMH[\"SR7_1_1\"].fn,19);}};SR7.PMH[\"SR7_1_1\" ].fn();\n\t\t\t\t<\/script>\n<\/div>\n\n\t\t\t\t\t\t<\/div>\n\t\t\t\t<\/div>\n\t\t\t\t\t<\/div>\n\t\t<\/div>\n\t\t\t\t\t<\/div>\n\t\t<\/section>\n\t\t<div class=\"elementor-element elementor-element-02e4045 e-flex e-con-boxed e-con e-parent\" data-id=\"02e4045\" data-element_type=\"container\" data-e-type=\"container\">\n\t\t\t\t\t<div class=\"e-con-inner\">\n\t\t<div class=\"elementor-element elementor-element-b97d55b e-con-full e-flex e-con e-child\" data-id=\"b97d55b\" data-element_type=\"container\" data-e-type=\"container\">\n\t\t\t\t<\/div>\n\t\t<div class=\"elementor-element elementor-element-7c58088 e-con-full e-flex e-con e-child\" data-id=\"7c58088\" data-element_type=\"container\" data-e-type=\"container\">\n\t\t\t\t<\/div>\n\t\t\t\t\t<\/div>\n\t\t\t\t<\/div>\n\t\t<div class=\"elementor-element elementor-element-2570601 e-flex e-con-boxed e-con e-parent\" data-id=\"2570601\" data-element_type=\"container\" data-e-type=\"container\">\n\t\t\t\t\t<div class=\"e-con-inner\">\n\t\t<div class=\"elementor-element elementor-element-ad9e048 e-con-full e-flex e-con e-child\" data-id=\"ad9e048\" data-element_type=\"container\" data-e-type=\"container\">\n\t\t\t\t<\/div>\n\t\t<div class=\"elementor-element elementor-element-c6f6c90 e-con-full e-flex e-con e-child\" data-id=\"c6f6c90\" data-element_type=\"container\" data-e-type=\"container\">\n\t\t\t\t<div class=\"elementor-element elementor-element-e9a70e7 elementor-widget elementor-widget-text-editor\" data-id=\"e9a70e7\" data-element_type=\"widget\" data-e-type=\"widget\" data-widget_type=\"text-editor.default\">\n\t\t\t\t<div class=\"elementor-widget-container\">\n\t\t\t\t\t\t\t\t\t<div class=\"container main_container animate\"><section class=\"content\"><h1><span style=\"color: #000000;\">Datenschutzerkl\u00e4rung<\/span><\/h1><p><span style=\"color: #000000;\">Verantwortliche Stelle im Sinne der Datenschutzgesetze, insbesondere der EU-Datenschutzgrundverordnung (DSGVO), ist:<\/span><\/p><p><span style=\"color: #000000;\">Alipour Group GmbH <\/span><br \/><span style=\"color: #000000;\">Steinmetz Stra\u00dfe 2 <\/span><br \/><span style=\"color: #000000;\">86167 Augsburg<\/span><\/p><h2><span style=\"color: #000000;\">Ihre Betroffenenrechte<\/span><\/h2><p><span style=\"color: #000000;\">Unter den angegebenen Kontaktdaten unseres Datenschutzbeauftragten k\u00f6nnen Sie jederzeit folgende Rechte aus\u00fcben:<\/span><\/p><ul><li><span style=\"color: #000000;\">Auskunft \u00fcber Ihre bei uns gespeicherten Daten und deren Verarbeitung,<\/span><\/li><li><span style=\"color: #000000;\">Berichtigung unrichtiger personenbezogener Daten,<\/span><\/li><li><span style=\"color: #000000;\">L\u00f6schung Ihrer bei uns gespeicherten Daten,<\/span><\/li><li><span style=\"color: #000000;\">Einschr\u00e4nkung der Datenverarbeitung, sofern wir Ihre Daten aufgrund gesetzlicher Pflichten noch nicht l\u00f6schen d\u00fcrfen,<\/span><\/li><li><span style=\"color: #000000;\">Widerspruch gegen die Verarbeitung Ihrer Daten bei uns und<\/span><\/li><li><span style=\"color: #000000;\">Daten\u00fcbertragbarkeit, sofern Sie in die Datenverarbeitung eingewilligt haben oder einen Vertrag mit uns abgeschlossen haben.<\/span><\/li><\/ul><p><span style=\"color: #000000;\">Sofern Sie uns eine Einwilligung erteilt haben, k\u00f6nnen Sie diese jederzeit mit Wirkung f\u00fcr die Zukunft widerrufen.<\/span><\/p><p><span style=\"color: #000000;\">Sie k\u00f6nnen sich jederzeit mit einer Beschwerde an die f\u00fcr Sie zust\u00e4ndige Aufsichtsbeh\u00f6rde wenden. Ihre zust\u00e4ndige Aufsichtsbeh\u00f6rde richtet sich nach dem Bundesland Ihres Wohnsitzes, Ihrer Arbeit oder der mutma\u00dflichen Verletzung. Eine Liste der Aufsichtsbeh\u00f6rden (f\u00fcr den nicht\u00f6ffentlichen Bereich) mit Anschrift finden Sie unter: <a style=\"color: #000000;\" href=\"https:\/\/web.archive.org\/web\/20190513105534\/https:\/\/www.bfdi.bund.de\/DE\/Infothek\/Anschriften_Links\/anschriften_links-node.html\"  rel=\"noopener\">https:\/\/www.bfdi.bund.de\/DE\/Infothek\/Anschriften_Links\/anschriften_links-node.html<\/a>.<\/span><\/p><h2><span style=\"color: #000000;\">Zwecke der Datenverarbeitung durch die verantwortliche Stelle und Dritte<\/span><\/h2><p><span style=\"color: #000000;\">Wir verarbeiten Ihre personenbezogenen Daten nur zu den in dieser Datenschutzerkl\u00e4rung genannten Zwecken. Eine \u00dcbermittlung Ihrer pers\u00f6nlichen Daten an Dritte zu anderen als den genannten Zwecken findet nicht statt. Wir geben Ihre pers\u00f6nlichen Daten nur an Dritte weiter, wenn:<\/span><\/p><ul><li><span style=\"color: #000000;\">Sie Ihre ausdr\u00fcckliche Einwilligung dazu erteilt haben,<\/span><\/li><li><span style=\"color: #000000;\">die Verarbeitung zur Abwicklung eines Vertrags mit Ihnen erforderlich ist,<\/span><\/li><li><span style=\"color: #000000;\">die Verarbeitung zur Erf\u00fcllung einer rechtlichen Verpflichtung erforderlich ist,<\/span><\/li><\/ul><p><span style=\"color: #000000;\">die Verarbeitung zur Wahrung berechtigter Interessen erforderlich ist und kein Grund zur Annahme besteht, dass Sie ein \u00fcberwiegendes schutzw\u00fcrdiges Interesse an der Nichtweitergabe Ihrer Daten haben.<\/span><\/p><h2><span style=\"color: #000000;\">L\u00f6schung bzw. Sperrung der Daten<\/span><\/h2><p><span style=\"color: #000000;\">Wir halten uns an die Grunds\u00e4tze der Datenvermeidung und Datensparsamkeit. Wir speichern Ihre personenbezogenen Daten daher nur so lange, wie dies zur Erreichung der hier genannten Zwecke erforderlich ist oder wie es die vom Gesetzgeber vorgesehenen vielf\u00e4ltigen Speicherfristen vorsehen. Nach Fortfall des jeweiligen Zweckes bzw. Ablauf dieser Fristen werden die entsprechenden Daten routinem\u00e4\u00dfig und entsprechend den gesetzlichen Vorschriften gesperrt oder gel\u00f6scht.<\/span><\/p><h2><span style=\"color: #000000;\">SSL-Verschl\u00fcsselung<\/span><\/h2><p><span style=\"color: #000000;\">Um die Sicherheit Ihrer Daten bei der \u00dcbertragung zu sch\u00fctzen, verwenden wir dem aktuellen Stand der Technik entsprechende Verschl\u00fcsselungsverfahren (z. B. SSL) \u00fcber HTTPS.<\/span><\/p><h2><span style=\"color: #000000;\">Kontaktformular<\/span><\/h2><p><span style=\"color: #000000;\">Treten Sie bzgl. Fragen jeglicher Art per E-Mail oder Kontaktformular mit uns in Kontakt, erteilen Sie uns zum Zwecke der Kontaktaufnahme Ihre freiwillige Einwilligung. Hierf\u00fcr ist die Angabe einer validen E-Mail-Adresse erforderlich. Diese dient der Zuordnung der Anfrage und der anschlie\u00dfenden Beantwortung derselben. Die Angabe weiterer Daten ist optional. Die von Ihnen gemachten Angaben werden zum Zwecke der Bearbeitung der Anfrage sowie f\u00fcr m\u00f6gliche Anschlussfragen gespeichert. Nach Erledigung der von Ihnen gestellten Anfrage werden personenbezogene Daten automatisch gel\u00f6scht.<\/span><\/p><h2><span style=\"color: #000000;\"><strong>\u00c4nderung unserer Datenschutzbestimmungen<\/strong><\/span><\/h2><p><span style=\"color: #000000;\">Wir behalten uns vor, diese Datenschutzerkl\u00e4rung anzupassen, damit sie stets den aktuellen rechtlichen Anforderungen entspricht oder um \u00c4nderungen unserer Leistungen in der Datenschutzerkl\u00e4rung umzusetzen, z.B. bei der Einf\u00fchrung neuer Services. F\u00fcr Ihren erneuten Besuch gilt dann die neue Datenschutzerkl\u00e4rung.<\/span><\/p><h2><span style=\"color: #000000;\"><strong>Fragen an den Datenschutzbeauftragten<\/strong><\/span><\/h2><p><span style=\"color: #000000;\">Wenn Sie Fragen zum Datenschutz haben, schreiben Sie uns bitte eine E-Mail oder wenden Sie sich direkt an die f\u00fcr den Datenschutz verantwortliche Person in unserer Organisation:<\/span><\/p><p><span style=\"color: #000000;\">\u00a0<\/span><br \/><span style=\"color: #000000;\">Verantwortlicher f\u00fcr den inhalt: XeonEurope Germany <br \/><\/span><\/p><p><span style=\"color: #000000;\"><em>Die Datenschutzerkl\u00e4rung wurde mit dem <\/em><a style=\"color: #000000;\" href=\"https:\/\/web.archive.org\/web\/20190513105534\/https:\/\/www.activemind.de\/datenschutz\/datenschutzhinweis-generator\/\"  rel=\"noopener\"><em>Datenschutzerkl\u00e4rungs-Generator der activeMind AG erstellt<\/em><\/a><em>.<\/em><\/span><\/p><\/section><\/div>\t\t\t\t\t\t\t\t<\/div>\n\t\t\t\t<\/div>\n\t\t\t\t<\/div>\n\t\t<div class=\"elementor-element elementor-element-46b98d9 e-con-full e-flex e-con e-child\" data-id=\"46b98d9\" data-element_type=\"container\" data-e-type=\"container\">\n\t\t\t\t<\/div>\n\t\t\t\t\t<\/div>\n\t\t\t\t<\/div>\n\t\t\t\t<\/div>\n\t\t","protected":false},"excerpt":{"rendered":"<p class=\"rs-p-wp-fix\">\n<p>\t\t\t\t<sr7-module data-alias=\"home\" data-id=\"1\" id=\"SR7_1_2\" class=\"rs-ov-hidden\" data-version=\"6.7.18\"><br \/>\n\t\t\t\t\t<sr7-adjuster><\/sr7-adjuster><br \/>\n\t\t\t\t\t<sr7-content><br \/>\n\t\t\t\t\t\t<sr7-slide id=\"SR7_1_2-1\" data-key=\"1\"><br \/>\n\t\t\t\t\t\t\t<sr7-bg id=\"SR7_1_2-1-14\" class=\"sr7-layer\"><noscript><img decoding=\"async\" src=\"https:\/\/irajalipour.com\/wp-content\/uploads\/2024\/10\/gegdgf.jpg\" alt=\"\" title=\"gegdgf\"><\/noscript><\/sr7-bg><br \/>\n\t\t\t\t\t\t\t<sr7-txt id=\"SR7_1_2-1-1\" class=\"sr7-layer\">Projekte<\/sr7-txt><br \/>\n\t\t\t\t\t\t\t<sr7-txt id=\"SR7_1_2-1-5\" class=\"sr7-layer\">Politische Treffen<\/sr7-txt><br \/>\n\t\t\t\t\t\t\t<a id=\"SR7_1_2-1-7\" class=\"sr7-layer\" href=\"https:\/\/irajalipour.com\/index.php\/werte\/\" target=\"_self\">Die Werte der EWS<\/a><br \/>\n\t\t\t\t\t\t\t<sr7-txt id=\"SR7_1_2-1-10\" class=\"sr7-layer\">Iraj Alipour<\/sr7-txt><br \/>\n\t\t\t\t\t\t\t<sr7-txt id=\"SR7_1_2-1-12\" class=\"sr7-layer\">Wirtschaftssenator <\/sr7-txt><br \/>\n\t\t\t\t\t\t<\/sr7-slide><br \/>\n\t\t\t\t\t\t<sr7-slide id=\"SR7_1_2-7\" data-key=\"7\"><br \/>\n\t\t\t\t\t\t\t<sr7-bg id=\"SR7_1_2-7-14\" class=\"sr7-layer\"><noscript><img decoding=\"async\" src=\"https:\/\/irajalipour.com\/wp-content\/uploads\/2024\/10\/EWS-Besuch-Europaeischer-Rechnungshof-1-scaled.jpg\" alt=\"\" title=\"EWS Besuch Europ\u00e4ischer Rechnungshof\"><\/noscript><\/sr7-bg><br \/>\n\t\t\t\t\t\t\t<sr7-txt id=\"SR7_1_2-7-1\" class=\"sr7-layer\">Projekte<\/sr7-txt><br \/>\n\t\t\t\t\t\t\t<sr7-txt id=\"SR7_1_2-7-5\" class=\"sr7-layer\">Politische Treffen<\/sr7-txt><br \/>\n\t\t\t\t\t\t\t<a id=\"SR7_1_2-7-7\" class=\"sr7-layer\" href=\"https:\/\/irajalipour.com\/index.php\/werte\/\" target=\"_self\">Die Werte der EWS<\/a><br \/>\n\t\t\t\t\t\t\t<sr7-txt id=\"SR7_1_2-7-10\" class=\"sr7-layer\">Iraj Alipour<\/sr7-txt><br \/>\n\t\t\t\t\t\t\t<sr7-txt id=\"SR7_1_2-7-12\" class=\"sr7-layer\">Wirtschaftssenator <\/sr7-txt><br \/>\n\t\t\t\t\t\t<\/sr7-slide><br \/>\n\t\t\t\t\t\t<sr7-slide id=\"SR7_1_2-3\" data-key=\"3\"><br \/>\n\t\t\t\t\t\t<\/sr7-slide><br \/>\n\t\t\t\t\t<\/sr7-content><br \/>\n\t\t\t\t\t<image_lists style=\"display:none\"><br \/>\n\t\t\t\t\t\t<img data-src=\"\/\/irajalipour.com\/wp-content\/uploads\/2024\/09\/EES.gif\" data-libid=\"3959\" data-lib=\"medialibrary\" title=\"EES\" width=\"0\" height=\"0\" data-dbsrc=\"Ly9pcmFqYWxpcG91ci5jb20vd3AtY29udGVudC91cGxvYWRzLzIwMjQvMDkvRUVTLmdpZg==\"\/><br \/>\n\t\t\t\t\t\t<img data-src=\"\/\/insura.brickthemes.com\/wp-content\/uploads\/2019\/08\/analysis-w.png\" width=\"0\" height=\"0\" data-dbsrc=\"Ly9pbnN1cmEuYnJpY2t0aGVtZXMuY29tL3dwLWNvbnRlbnQvdXBsb2Fkcy8yMDE5LzA4L2FuYWx5c2lzLXcucG5n\"\/><br \/>\n\t\t\t\t\t\t<img data-src=\"\/\/insura.brickthemes.com\/wp-content\/uploads\/2019\/08\/contract-w.png\" width=\"0\" height=\"0\" data-dbsrc=\"Ly9pbnN1cmEuYnJpY2t0aGVtZXMuY29tL3dwLWNvbnRlbnQvdXBsb2Fkcy8yMDE5LzA4L2NvbnRyYWN0LXcucG5n\"\/><br \/>\n\t\t\t\t\t\t<img loading=\"lazy\" loading=\"lazy\" data-src=\"\/\/insura.brickthemes.com\/wp-content\/uploads\/2019\/08\/life-insurance-w.png\" width=\"0\" height=\"0\" data-dbsrc=\"Ly9pbnN1cmEuYnJpY2t0aGVtZXMuY29tL3dwLWNvbnRlbnQvdXBsb2Fkcy8yMDE5LzA4L2xpZmUtaW5zdXJhbmNlLXcucG5n\"\/><br \/>\n\t\t\t\t\t\t<img loading=\"lazy\" loading=\"lazy\" data-src=\"\/\/irajalipour.com\/wp-content\/uploads\/2024\/10\/ews-280x300-1.webp\" data-libid=\"4124\" data-lib=\"medialibrary\" title=\"ews-280&#215;300\" width=\"0\" height=\"0\" data-dbsrc=\"Ly9pcmFqYWxpcG91ci5jb20vd3AtY29udGVudC91cGxvYWRzLzIwMjQvMTAvZXdzLTI4MHgzMDAtMS53ZWJw\"\/><br \/>\n\t\t\t\t\t\t<img loading=\"lazy\" loading=\"lazy\" data-src=\"\/\/irajalipour.com\/wp-content\/uploads\/2024\/10\/gegdgf.jpg\" data-libid=\"4129\" data-lib=\"medialibrary\" title=\"gegdgf\" width=\"0\" height=\"0\" data-dbsrc=\"Ly9pcmFqYWxpcG91ci5jb20vd3AtY29udGVudC91cGxvYWRzLzIwMjQvMTAvZ2VnZGdmLmpwZw==\"\/><br \/>\n\t\t\t\t\t\t<img loading=\"lazy\" loading=\"lazy\" data-src=\"\/\/irajalipour.com\/wp-content\/uploads\/2024\/10\/EWS-Besuch-Europaeischer-Rechnungshof-1-scaled.jpg\" data-libid=\"4123\" data-lib=\"medialibrary\" title=\"EWS Besuch Europ\u00e4ischer Rechnungshof\" width=\"0\" height=\"0\" data-dbsrc=\"Ly9pcmFqYWxpcG91ci5jb20vd3AtY29udGVudC91cGxvYWRzLzIwMjQvMTAvRVdTLUJlc3VjaC1FdXJvcGFlaXNjaGVyLVJlY2hudW5nc2hvZi0xLXNjYWxlZC5qcGc=\"\/><br \/>\n\t\t\t\t\t<\/image_lists><br \/>\n\t\t\t\t<\/sr7-module><br \/>\n\t\t\t\t<script>\n\t\t\t\t\tSR7.PMH ??={}; SR7.PMH[\"SR7_1_2\"] = {cn:0,state:false,fn: function() { if (_tpt!==undefined &#038;& _tpt.prepareModuleHeight !== undefined) {  _tpt.prepareModuleHeight({id:\"SR7_1_2\",el:[868,868,868,868,720],type:'standard',shdw:'0',gh:[868,868,868,868,720],gw:[1240,1240,1240,1240,480],vpt:['-200px&#039;,&#039;-200px&#039;,&#039;-200px&#039;,&#039;-200px&#039;,&#039;-200px'],size:{fullWidth:true, fullHeight:true},fho:',',mh:'0',onh:0,onw:0,bg:{color:'{\"orig\":\"transparent\",\"type\":\"solid\",\"string\":\"transparent\"}'},plType:'0',plColor:'#FFFFFF'});   SR7.PMH[\"SR7_1_2\"].state=true;} else if((SR7.PMH[\"SR7_1_2\"].cn++)<100)\tsetTimeout( SR7.PMH[\"SR7_1_2\"].fn,19);}};SR7.PMH[\"SR7_1_2\" ].fn();\n\t\t\t\t<\/script><\/p>\n<section>\n<h1>Datenschutzerkl\u00e4rung<\/h1>\n<p>Verantwortliche Stelle im Sinne der Datenschutzgesetze, insbesondere der EU-Datenschutzgrundverordnung (DSGVO), ist:<\/p>\n<p>Alipour Group GmbH <br \/>Steinmetz Stra\u00dfe 2 <br \/>86167 Augsburg<\/p>\n<h2>Ihre Betroffenenrechte<\/h2>\n<p>Unter den angegebenen Kontaktdaten unseres Datenschutzbeauftragten k\u00f6nnen Sie jederzeit folgende Rechte aus\u00fcben:<\/p>\n<ul>\n<li>Auskunft \u00fcber Ihre bei uns gespeicherten Daten und deren Verarbeitung,<\/li>\n<li>Berichtigung unrichtiger personenbezogener Daten,<\/li>\n<li>L\u00f6schung Ihrer bei uns gespeicherten Daten,<\/li>\n<li>Einschr\u00e4nkung der Datenverarbeitung, sofern wir Ihre Daten aufgrund gesetzlicher Pflichten noch nicht l\u00f6schen d\u00fcrfen,<\/li>\n<li>Widerspruch gegen die Verarbeitung Ihrer Daten bei uns und<\/li>\n<li>Daten\u00fcbertragbarkeit, sofern Sie in die Datenverarbeitung eingewilligt haben oder einen Vertrag mit uns abgeschlossen haben.<\/li>\n<\/ul>\n<p>Sofern Sie uns eine Einwilligung erteilt haben, k\u00f6nnen Sie diese jederzeit mit Wirkung f\u00fcr die Zukunft widerrufen.<\/p>\n<p>Sie k\u00f6nnen sich jederzeit mit einer Beschwerde an die f\u00fcr Sie zust\u00e4ndige Aufsichtsbeh\u00f6rde wenden. Ihre zust\u00e4ndige Aufsichtsbeh\u00f6rde richtet sich nach dem Bundesland Ihres Wohnsitzes, Ihrer Arbeit oder der mutma\u00dflichen Verletzung. Eine Liste der Aufsichtsbeh\u00f6rden (f\u00fcr den nicht\u00f6ffentlichen Bereich) mit Anschrift finden Sie unter: <a style=\"color: #000000;\" href=\"https:\/\/web.archive.org\/web\/20190513105534\/https:\/\/www.bfdi.bund.de\/DE\/Infothek\/Anschriften_Links\/anschriften_links-node.html\"  rel=\"noopener\">https:\/\/www.bfdi.bund.de\/DE\/Infothek\/Anschriften_Links\/anschriften_links-node.html<\/a>.<\/p>\n<h2>Zwecke der Datenverarbeitung durch die verantwortliche Stelle und Dritte<\/h2>\n<p>Wir verarbeiten Ihre personenbezogenen Daten nur zu den in dieser Datenschutzerkl\u00e4rung genannten Zwecken. Eine \u00dcbermittlung Ihrer pers\u00f6nlichen Daten an Dritte zu anderen als den genannten Zwecken findet nicht statt. Wir geben Ihre pers\u00f6nlichen Daten nur an Dritte weiter, wenn:<\/p>\n<ul>\n<li>Sie Ihre ausdr\u00fcckliche Einwilligung dazu erteilt haben,<\/li>\n<li>die Verarbeitung zur Abwicklung eines Vertrags mit Ihnen erforderlich ist,<\/li>\n<li>die Verarbeitung zur Erf\u00fcllung einer rechtlichen Verpflichtung erforderlich ist,<\/li>\n<\/ul>\n<p>die Verarbeitung zur Wahrung berechtigter Interessen erforderlich ist und kein Grund zur Annahme besteht, dass Sie ein \u00fcberwiegendes schutzw\u00fcrdiges Interesse an der Nichtweitergabe Ihrer Daten haben.<\/p>\n<h2>L\u00f6schung bzw. Sperrung der Daten<\/h2>\n<p>Wir halten uns an die Grunds\u00e4tze der Datenvermeidung und Datensparsamkeit. Wir speichern Ihre personenbezogenen Daten daher nur so lange, wie dies zur Erreichung der hier genannten Zwecke erforderlich ist oder wie es die vom Gesetzgeber vorgesehenen vielf\u00e4ltigen Speicherfristen vorsehen. Nach Fortfall des jeweiligen Zweckes bzw. Ablauf dieser Fristen werden die entsprechenden Daten routinem\u00e4\u00dfig und entsprechend den gesetzlichen Vorschriften gesperrt oder gel\u00f6scht.<\/p>\n<h2>SSL-Verschl\u00fcsselung<\/h2>\n<p>Um die Sicherheit Ihrer Daten bei der \u00dcbertragung zu sch\u00fctzen, verwenden wir dem aktuellen Stand der Technik entsprechende Verschl\u00fcsselungsverfahren (z. B. SSL) \u00fcber HTTPS.<\/p>\n<h2>Kontaktformular<\/h2>\n<p>Treten Sie bzgl. Fragen jeglicher Art per E-Mail oder Kontaktformular mit uns in Kontakt, erteilen Sie uns zum Zwecke der Kontaktaufnahme Ihre freiwillige Einwilligung. Hierf\u00fcr ist die Angabe einer validen E-Mail-Adresse erforderlich. Diese dient der Zuordnung der Anfrage und der anschlie\u00dfenden Beantwortung derselben. Die Angabe weiterer Daten ist optional. Die von Ihnen gemachten Angaben werden zum Zwecke der Bearbeitung der Anfrage sowie f\u00fcr m\u00f6gliche Anschlussfragen gespeichert. Nach Erledigung der von Ihnen gestellten Anfrage werden personenbezogene Daten automatisch gel\u00f6scht.<\/p>\n<h2><strong>\u00c4nderung unserer Datenschutzbestimmungen<\/strong><\/h2>\n<p>Wir behalten uns vor, diese Datenschutzerkl\u00e4rung anzupassen, damit sie stets den aktuellen rechtlichen Anforderungen entspricht oder um \u00c4nderungen unserer Leistungen in der Datenschutzerkl\u00e4rung umzusetzen, z.B. bei der Einf\u00fchrung neuer Services. F\u00fcr Ihren erneuten Besuch gilt dann die neue Datenschutzerkl\u00e4rung.<\/p>\n<h2><strong>Fragen an den Datenschutzbeauftragten<\/strong><\/h2>\n<p>Wenn Sie Fragen zum Datenschutz haben, schreiben Sie uns bitte eine E-Mail oder wenden Sie sich direkt an die f\u00fcr den Datenschutz verantwortliche Person in unserer Organisation:<\/p>\n<p>\u00a0<br \/>Verantwortlicher f\u00fcr den inhalt: XeonEurope Germany <\/p>\n<p><em>Die Datenschutzerkl\u00e4rung wurde mit dem <\/em><a style=\"color: #000000;\" href=\"https:\/\/web.archive.org\/web\/20190513105534\/https:\/\/www.activemind.de\/datenschutz\/datenschutzhinweis-generator\/\"  rel=\"noopener\"><em>Datenschutzerkl\u00e4rungs-Generator der activeMind AG erstellt<\/em><\/a><em>.<\/em><\/p>\n<\/section>\n","protected":false},"author":1,"featured_media":0,"parent":0,"menu_order":0,"comment_status":"closed","ping_status":"closed","template":"page-fullwidth.php","meta":{"footnotes":""},"class_list":["post-4457","page","type-page","status-publish","hentry"],"aioseo_notices":[],"_links":{"self":[{"href":"https:\/\/irajalipour.com\/index.php\/wp-json\/wp\/v2\/pages\/4457","targetHints":{"allow":["GET"]}}],"collection":[{"href":"https:\/\/irajalipour.com\/index.php\/wp-json\/wp\/v2\/pages"}],"about":[{"href":"https:\/\/irajalipour.com\/index.php\/wp-json\/wp\/v2\/types\/page"}],"author":[{"embeddable":true,"href":"https:\/\/irajalipour.com\/index.php\/wp-json\/wp\/v2\/users\/1"}],"replies":[{"embeddable":true,"href":"https:\/\/irajalipour.com\/index.php\/wp-json\/wp\/v2\/comments?post=4457"}],"version-history":[{"count":7,"href":"https:\/\/irajalipour.com\/index.php\/wp-json\/wp\/v2\/pages\/4457\/revisions"}],"predecessor-version":[{"id":4464,"href":"https:\/\/irajalipour.com\/index.php\/wp-json\/wp\/v2\/pages\/4457\/revisions\/4464"}],"wp:attachment":[{"href":"https:\/\/irajalipour.com\/index.php\/wp-json\/wp\/v2\/media?parent=4457"}],"curies":[{"name":"wp","href":"https:\/\/api.w.org\/{rel}","templated":true}]}}