{"id":4477,"date":"2025-03-13T16:17:08","date_gmt":"2025-03-13T16:17:08","guid":{"rendered":"https:\/\/irajalipour.com\/?page_id=4477"},"modified":"2025-03-13T16:20:18","modified_gmt":"2025-03-13T16:20:18","slug":"presse","status":"publish","type":"page","link":"https:\/\/irajalipour.com\/index.php\/presse\/","title":{"rendered":"Presse"},"content":{"rendered":"\t\t<div data-elementor-type=\"wp-post\" data-elementor-id=\"4477\" class=\"elementor elementor-4477\">\n\t\t\t\t\t\t<section class=\"elementor-section elementor-top-section elementor-element elementor-element-fe22a0b elementor-section-full_width elementor-section-height-full elementor-section-height-default elementor-section-items-middle\" data-id=\"fe22a0b\" data-element_type=\"section\" data-e-type=\"section\">\n\t\t\t\t\t\t<div class=\"elementor-container elementor-column-gap-no\">\n\t\t\t\t\t<div class=\"elementor-column elementor-col-100 elementor-top-column elementor-element elementor-element-385b0f8\" data-id=\"385b0f8\" data-element_type=\"column\" data-e-type=\"column\">\n\t\t\t<div class=\"elementor-widget-wrap elementor-element-populated\">\n\t\t\t\t\t\t<div class=\"elementor-element elementor-element-a545639 elementor-widget elementor-widget-slider_revolution\" data-id=\"a545639\" data-element_type=\"widget\" data-e-type=\"widget\" data-widget_type=\"slider_revolution.default\">\n\t\t\t\t<div class=\"elementor-widget-container\">\n\t\t\t\t\t\n\t\t<div class=\"wp-block-themepunch-revslider\">\n\t\t\t\t<p class=\"rs-p-wp-fix\"><\/p>\n\t\t\t\t<sr7-module data-alias=\"home\" data-id=\"1\" id=\"SR7_1_1\" class=\"rs-ov-hidden\" data-version=\"6.7.18\">\n\t\t\t\t\t<sr7-adjuster><\/sr7-adjuster>\n\t\t\t\t\t<sr7-content>\n\t\t\t\t\t\t<sr7-slide id=\"SR7_1_1-1\" data-key=\"1\">\n\t\t\t\t\t\t\t<sr7-bg id=\"SR7_1_1-1-14\" class=\"sr7-layer\"><noscript><img decoding=\"async\" src=\"https:\/\/irajalipour.com\/wp-content\/uploads\/2024\/10\/gegdgf.jpg\" alt=\"\" title=\"gegdgf\"><\/noscript><\/sr7-bg>\n\t\t\t\t\t\t\t<sr7-txt id=\"SR7_1_1-1-1\" class=\"sr7-layer\">Projekte<\/sr7-txt>\n\t\t\t\t\t\t\t<sr7-txt id=\"SR7_1_1-1-5\" class=\"sr7-layer\">Politische Treffen<\/sr7-txt>\n\t\t\t\t\t\t\t<a id=\"SR7_1_1-1-7\" class=\"sr7-layer\" href=\"https:\/\/irajalipour.com\/index.php\/werte\/\" target=\"_self\">Die Werte der EWS<\/a>\n\t\t\t\t\t\t\t<sr7-txt id=\"SR7_1_1-1-10\" class=\"sr7-layer\">Iraj Alipour<\/sr7-txt>\n\t\t\t\t\t\t\t<sr7-txt id=\"SR7_1_1-1-12\" class=\"sr7-layer\">Wirtschaftssenator <\/sr7-txt>\n\t\t\t\t\t\t<\/sr7-slide>\n\t\t\t\t\t\t<sr7-slide id=\"SR7_1_1-7\" data-key=\"7\">\n\t\t\t\t\t\t\t<sr7-bg id=\"SR7_1_1-7-14\" class=\"sr7-layer\"><noscript><img decoding=\"async\" src=\"https:\/\/irajalipour.com\/wp-content\/uploads\/2024\/10\/EWS-Besuch-Europaeischer-Rechnungshof-1-scaled.jpg\" alt=\"\" title=\"EWS Besuch Europ\u00e4ischer Rechnungshof\"><\/noscript><\/sr7-bg>\n\t\t\t\t\t\t\t<sr7-txt id=\"SR7_1_1-7-1\" class=\"sr7-layer\">Projekte<\/sr7-txt>\n\t\t\t\t\t\t\t<sr7-txt id=\"SR7_1_1-7-5\" class=\"sr7-layer\">Politische Treffen<\/sr7-txt>\n\t\t\t\t\t\t\t<a id=\"SR7_1_1-7-7\" class=\"sr7-layer\" href=\"https:\/\/irajalipour.com\/index.php\/werte\/\" target=\"_self\">Die Werte der EWS<\/a>\n\t\t\t\t\t\t\t<sr7-txt id=\"SR7_1_1-7-10\" class=\"sr7-layer\">Iraj Alipour<\/sr7-txt>\n\t\t\t\t\t\t\t<sr7-txt id=\"SR7_1_1-7-12\" class=\"sr7-layer\">Wirtschaftssenator <\/sr7-txt>\n\t\t\t\t\t\t<\/sr7-slide>\n\t\t\t\t\t\t<sr7-slide id=\"SR7_1_1-3\" data-key=\"3\">\n\t\t\t\t\t\t<\/sr7-slide>\n\t\t\t\t\t<\/sr7-content>\n\t\t\t\t\t<image_lists style=\"display:none\">\n\t\t\t\t\t\t<img data-src=\"\/\/irajalipour.com\/wp-content\/uploads\/2024\/09\/EES.gif\" data-libid=\"3959\" data-lib=\"medialibrary\" title=\"EES\" width=\"0\" height=\"0\" data-dbsrc=\"Ly9pcmFqYWxpcG91ci5jb20vd3AtY29udGVudC91cGxvYWRzLzIwMjQvMDkvRUVTLmdpZg==\"\/>\n\t\t\t\t\t\t<img data-src=\"\/\/insura.brickthemes.com\/wp-content\/uploads\/2019\/08\/analysis-w.png\" width=\"0\" height=\"0\" data-dbsrc=\"Ly9pbnN1cmEuYnJpY2t0aGVtZXMuY29tL3dwLWNvbnRlbnQvdXBsb2Fkcy8yMDE5LzA4L2FuYWx5c2lzLXcucG5n\"\/>\n\t\t\t\t\t\t<img data-src=\"\/\/insura.brickthemes.com\/wp-content\/uploads\/2019\/08\/contract-w.png\" width=\"0\" height=\"0\" data-dbsrc=\"Ly9pbnN1cmEuYnJpY2t0aGVtZXMuY29tL3dwLWNvbnRlbnQvdXBsb2Fkcy8yMDE5LzA4L2NvbnRyYWN0LXcucG5n\"\/>\n\t\t\t\t\t\t<img loading=\"lazy\" data-src=\"\/\/insura.brickthemes.com\/wp-content\/uploads\/2019\/08\/life-insurance-w.png\" width=\"0\" height=\"0\" data-dbsrc=\"Ly9pbnN1cmEuYnJpY2t0aGVtZXMuY29tL3dwLWNvbnRlbnQvdXBsb2Fkcy8yMDE5LzA4L2xpZmUtaW5zdXJhbmNlLXcucG5n\"\/>\n\t\t\t\t\t\t<img loading=\"lazy\" data-src=\"\/\/irajalipour.com\/wp-content\/uploads\/2024\/10\/ews-280x300-1.webp\" data-libid=\"4124\" data-lib=\"medialibrary\" title=\"ews-280&#215;300\" width=\"0\" height=\"0\" data-dbsrc=\"Ly9pcmFqYWxpcG91ci5jb20vd3AtY29udGVudC91cGxvYWRzLzIwMjQvMTAvZXdzLTI4MHgzMDAtMS53ZWJw\"\/>\n\t\t\t\t\t\t<img loading=\"lazy\" data-src=\"\/\/irajalipour.com\/wp-content\/uploads\/2024\/10\/gegdgf.jpg\" data-libid=\"4129\" data-lib=\"medialibrary\" title=\"gegdgf\" width=\"0\" height=\"0\" data-dbsrc=\"Ly9pcmFqYWxpcG91ci5jb20vd3AtY29udGVudC91cGxvYWRzLzIwMjQvMTAvZ2VnZGdmLmpwZw==\"\/>\n\t\t\t\t\t\t<img loading=\"lazy\" data-src=\"\/\/irajalipour.com\/wp-content\/uploads\/2024\/10\/EWS-Besuch-Europaeischer-Rechnungshof-1-scaled.jpg\" data-libid=\"4123\" data-lib=\"medialibrary\" title=\"EWS Besuch Europ\u00e4ischer Rechnungshof\" width=\"0\" height=\"0\" data-dbsrc=\"Ly9pcmFqYWxpcG91ci5jb20vd3AtY29udGVudC91cGxvYWRzLzIwMjQvMTAvRVdTLUJlc3VjaC1FdXJvcGFlaXNjaGVyLVJlY2hudW5nc2hvZi0xLXNjYWxlZC5qcGc=\"\/>\n\t\t\t\t\t<\/image_lists>\n\t\t\t\t<\/sr7-module>\n\t\t\t\t<script>\n\t\t\t\t\tSR7.PMH ??={}; SR7.PMH[\"SR7_1_1\"] = {cn:0,state:false,fn: function() { if (_tpt!==undefined && _tpt.prepareModuleHeight !== undefined) {  _tpt.prepareModuleHeight({id:\"SR7_1_1\",el:[868,868,868,868,720],type:'standard',shdw:'0',gh:[868,868,868,868,720],gw:[1240,1240,1240,1240,480],vpt:['-200px&#039;,&#039;-200px&#039;,&#039;-200px&#039;,&#039;-200px&#039;,&#039;-200px'],size:{fullWidth:true, fullHeight:true},fho:',',mh:'0',onh:0,onw:0,bg:{color:'{\"orig\":\"transparent\",\"type\":\"solid\",\"string\":\"transparent\"}'},plType:'0',plColor:'#FFFFFF'});   SR7.PMH[\"SR7_1_1\"].state=true;} else if((SR7.PMH[\"SR7_1_1\"].cn++)<100)\tsetTimeout( SR7.PMH[\"SR7_1_1\"].fn,19);}};SR7.PMH[\"SR7_1_1\" ].fn();\n\t\t\t\t<\/script>\n<\/div>\n\n\t\t\t\t\t\t<\/div>\n\t\t\t\t<\/div>\n\t\t\t\t\t<\/div>\n\t\t<\/div>\n\t\t\t\t\t<\/div>\n\t\t<\/section>\n\t\t<div class=\"elementor-element elementor-element-02e4045 e-flex e-con-boxed e-con e-parent\" data-id=\"02e4045\" data-element_type=\"container\" data-e-type=\"container\">\n\t\t\t\t\t<div class=\"e-con-inner\">\n\t\t<div class=\"elementor-element elementor-element-b97d55b e-con-full e-flex e-con e-child\" data-id=\"b97d55b\" data-element_type=\"container\" data-e-type=\"container\">\n\t\t\t\t<\/div>\n\t\t<div class=\"elementor-element elementor-element-7c58088 e-con-full e-flex e-con e-child\" data-id=\"7c58088\" data-element_type=\"container\" data-e-type=\"container\">\n\t\t\t\t<\/div>\n\t\t\t\t\t<\/div>\n\t\t\t\t<\/div>\n\t\t<div class=\"elementor-element elementor-element-f58444d e-con-full e-flex e-con e-parent\" data-id=\"f58444d\" data-element_type=\"container\" data-e-type=\"container\">\n\t\t<div class=\"elementor-element elementor-element-7748fb6 e-con-full e-flex e-con e-child\" data-id=\"7748fb6\" data-element_type=\"container\" data-e-type=\"container\">\n\t\t\t\t<div class=\"elementor-element elementor-element-0f3266f elementor-widget elementor-widget-text-editor\" data-id=\"0f3266f\" data-element_type=\"widget\" data-e-type=\"widget\" data-widget_type=\"text-editor.default\">\n\t\t\t\t<div class=\"elementor-widget-container\">\n\t\t\t\t\t\t\t\t\t<p style=\"text-align: center;\"><span style=\"color: #000000;\">Stoppt den Preisanstieg \u2013 Rettet den Wohlstand der Menschen! \ud83d\udea8<\/span><\/p>\t\t\t\t\t\t\t\t<\/div>\n\t\t\t\t<\/div>\n\t\t\t\t<\/div>\n\t\t\t\t<\/div>\n\t\t<div class=\"elementor-element elementor-element-acad0c4 e-flex e-con-boxed e-con e-parent\" data-id=\"acad0c4\" data-element_type=\"container\" data-e-type=\"container\">\n\t\t\t\t\t<div class=\"e-con-inner\">\n\t\t<div class=\"elementor-element elementor-element-1f1f1cc e-con-full e-flex e-con e-child\" data-id=\"1f1f1cc\" data-element_type=\"container\" data-e-type=\"container\">\n\t\t\t\t<\/div>\n\t\t<div class=\"elementor-element elementor-element-93851c1 e-con-full e-flex e-con e-child\" data-id=\"93851c1\" data-element_type=\"container\" data-e-type=\"container\">\n\t\t\t\t<div class=\"elementor-element elementor-element-bec845c elementor-widget elementor-widget-text-editor\" data-id=\"bec845c\" data-element_type=\"widget\" data-e-type=\"widget\" data-widget_type=\"text-editor.default\">\n\t\t\t\t<div class=\"elementor-widget-container\">\n\t\t\t\t\t\t\t\t\t<p><span style=\"color: #000000;\">Wenn die Preise steigen, haben die Menschen weniger Essen auf dem Tisch! Die Regierung druckt st\u00e4ndig neues Geld, um steigende Kosten zu decken \u2013 doch mehr Geld drucken bedeutet nicht mehr Wohlstand! Es bedeutet Schulden! Es bedeutet Inflation!<\/span><\/p><p><span style=\"color: #000000;\">\ud83d\udcc9 Die einzige L\u00f6sung f\u00fcr den Wohlstand der Menschen ist die Senkung der Preise!<\/span><br \/><span style=\"color: #000000;\">\ud83d\udcc9 Je mehr die T\u00fcrkische Lira steigt, desto mehr verliert sie an Wert!<\/span><\/p><p><span style=\"color: #000000;\">Die Zahlen l\u00fcgen nicht!<\/span><br \/><span style=\"color: #000000;\">\ud83d\udcca Letztes Jahr zeigte sich, dass Preissteigerungen nur den H\u00e4ndlern zugutekommen \u2013 die Verbraucher leiden! Doch 70 % der Menschen in diesem Land sind Verbraucher!<\/span><br \/><span style=\"color: #000000;\">Erh\u00f6hte Preise = H\u00f6here Inflation!<\/span><\/p><p><span style=\"color: #000000;\">\ud83d\udccc Je mehr die Regierung die Geh\u00e4lter erh\u00f6ht, desto mehr steigt die Inflation!<\/span><br \/><span style=\"color: #000000;\">\ud83d\udccc Je mehr die Preise steigen, desto gr\u00f6\u00dfer wird die k\u00fcnstliche Inflation, die von externen M\u00e4chten gef\u00f6rdert wird!<\/span><\/p><p><span style=\"color: #000000;\">\ud83c\uddf9\ud83c\uddf7 Dies ist die T\u00fcrkei! Wenn die Preiserh\u00f6hungen nicht gestoppt werden, wird die Inflation weiter steigen!<\/span><\/p><p><span style=\"color: #000000;\">\ud83d\udc49 STOPPT die Preiserh\u00f6hungen!<\/span><br \/><span style=\"color: #000000;\">\ud83d\udc49 SENKT die Preise!<\/span><br \/><span style=\"color: #000000;\">\ud83d\udc49 Gebt der T\u00fcrkischen Lira ihren Wert zur\u00fcck!<\/span><br \/><span style=\"color: #000000;\">\ud83d\udc49 Lasst das Geld der Menschen wieder etwas wert sein!<\/span><\/p><p><span style=\"color: #000000;\">Schluss mit der massiven Ausfuhr lebenswichtiger G\u00fcter ins Ausland!<\/span><br \/><span style=\"color: #000000;\">Reguliert den Import unn\u00f6tiger Produkte und stoppt den unkontrollierten Kapitalabfluss!<\/span><br \/><span style=\"color: #000000;\">Drei Ma\u00dfnahmen f\u00fcr den Wohlstand der T\u00fcrkei:<\/span><\/p><p><span style=\"color: #000000;\">\u2705 STOPP der Preiserh\u00f6hungen!<\/span><br \/><span style=\"color: #000000;\">\u2705 SENKUNG der Preise!<\/span><br \/><span style=\"color: #000000;\">\u2705 KEIN weiteres Gelddrucken!<\/span><\/p><p><span style=\"color: #000000;\">\ud83d\ude80 Diese Ma\u00dfnahmen werden schnell wirken und das Land zu echtem Wohlstand f\u00fchren! Wenn wir jetzt handeln, kann die T\u00fcrkische Lira wieder an Wert gewinnen! Lasst uns gemeinsam f\u00fcr eine starke Zukunft k\u00e4mpfen! \ud83d\udcaa\ud83c\uddf9\ud83c\uddf7<\/span><\/p>\t\t\t\t\t\t\t\t<\/div>\n\t\t\t\t<\/div>\n\t\t\t\t<\/div>\n\t\t<div class=\"elementor-element elementor-element-05fbed4 e-con-full e-flex e-con e-child\" data-id=\"05fbed4\" data-element_type=\"container\" data-e-type=\"container\">\n\t\t\t\t<\/div>\n\t\t\t\t\t<\/div>\n\t\t\t\t<\/div>\n\t\t<div class=\"elementor-element elementor-element-0e790e9 e-flex e-con-boxed e-con e-parent\" data-id=\"0e790e9\" data-element_type=\"container\" data-e-type=\"container\">\n\t\t\t\t\t<div class=\"e-con-inner\">\n\t\t<div class=\"elementor-element elementor-element-d6f3fc9 e-con-full e-flex e-con e-child\" data-id=\"d6f3fc9\" data-element_type=\"container\" data-e-type=\"container\">\n\t\t\t\t<div class=\"elementor-element elementor-element-b822b85 animated-slow elementor-invisible elementor-widget elementor-widget-text-editor\" data-id=\"b822b85\" data-element_type=\"widget\" data-e-type=\"widget\" data-settings=\"{&quot;_animation&quot;:&quot;zoomIn&quot;}\" data-widget_type=\"text-editor.default\">\n\t\t\t\t<div class=\"elementor-widget-container\">\n\t\t\t\t\t\t\t\t\t<h3 data-start=\"103\" data-end=\"156\"><span style=\"color: #000000;\"><strong data-start=\"107\" data-end=\"149\">Gemeinsam f\u00fcr eine Welt ohne Abfall<\/strong> \ud83c\udf0d\u267b\ufe0f<\/span><\/h3><p data-start=\"157\" data-end=\"554\"><span style=\"color: #000000;\"><strong data-start=\"157\" data-end=\"173\">Iraj Alipour<\/strong>, Wirtschaftssenator der EU und Pr\u00e4sident der <strong data-start=\"219\" data-end=\"255\">Eco-Friendly Dolphin Association<\/strong>, setzt neue Ma\u00dfst\u00e4be f\u00fcr Nachhaltigkeit.\u00a0<\/span><\/p><p data-start=\"157\" data-end=\"554\"><span style=\"color: #000000;\">Sein Ziel:\u00a0<\/span><br \/><span style=\"color: #000000;\"><strong data-start=\"308\" data-end=\"359\">Eine saubere Zukunft f\u00fcr kommende Generationen.<\/strong> Durch umweltbewusste Innovationen und internationale Kooperationen treibt er den Wandel hin zu einer <strong data-start=\"461\" data-end=\"494\">gr\u00fcneren, nachhaltigeren Welt<\/strong> voran.<\/span><br data-start=\"501\" data-end=\"504\" \/><br \/><span style=\"color: #000000;\">\ud83d\udc49 <strong data-start=\"507\" data-end=\"539\">Seien Sie Teil der Bewegung!<\/strong> #IchBinNatur<\/span><\/p>\t\t\t\t\t\t\t\t<\/div>\n\t\t\t\t<\/div>\n\t\t\t\t<\/div>\n\t\t<div class=\"elementor-element elementor-element-ed3114c e-con-full e-flex e-con e-child\" data-id=\"ed3114c\" data-element_type=\"container\" data-e-type=\"container\">\n\t\t\t\t<div class=\"elementor-element elementor-element-84905f3 elementor-widget elementor-widget-form\" data-id=\"84905f3\" data-element_type=\"widget\" data-e-type=\"widget\" data-widget_type=\"form.default\">\n\t\t\t\t<div class=\"elementor-widget-container\">\n\t\t\t\t\t \t\t\t\t<\/div>\n\t\t\t\t<\/div>\n\t\t\t\t<\/div>\n\t\t\t\t\t<\/div>\n\t\t\t\t<\/div>\n\t\t\t\t<\/div>\n\t\t","protected":false},"excerpt":{"rendered":"<p class=\"rs-p-wp-fix\">\n<p>\t\t\t\t<sr7-module data-alias=\"home\" data-id=\"1\" id=\"SR7_1_2\" class=\"rs-ov-hidden\" data-version=\"6.7.18\"><br \/>\n\t\t\t\t\t<sr7-adjuster><\/sr7-adjuster><br \/>\n\t\t\t\t\t<sr7-content><br \/>\n\t\t\t\t\t\t<sr7-slide id=\"SR7_1_2-1\" data-key=\"1\"><br \/>\n\t\t\t\t\t\t\t<sr7-bg id=\"SR7_1_2-1-14\" class=\"sr7-layer\"><noscript><img decoding=\"async\" src=\"https:\/\/irajalipour.com\/wp-content\/uploads\/2024\/10\/gegdgf.jpg\" alt=\"\" title=\"gegdgf\"><\/noscript><\/sr7-bg><br \/>\n\t\t\t\t\t\t\t<sr7-txt id=\"SR7_1_2-1-1\" class=\"sr7-layer\">Projekte<\/sr7-txt><br \/>\n\t\t\t\t\t\t\t<sr7-txt id=\"SR7_1_2-1-5\" class=\"sr7-layer\">Politische Treffen<\/sr7-txt><br \/>\n\t\t\t\t\t\t\t<a id=\"SR7_1_2-1-7\" class=\"sr7-layer\" href=\"https:\/\/irajalipour.com\/index.php\/werte\/\" target=\"_self\">Die Werte der EWS<\/a><br \/>\n\t\t\t\t\t\t\t<sr7-txt id=\"SR7_1_2-1-10\" class=\"sr7-layer\">Iraj Alipour<\/sr7-txt><br \/>\n\t\t\t\t\t\t\t<sr7-txt id=\"SR7_1_2-1-12\" class=\"sr7-layer\">Wirtschaftssenator <\/sr7-txt><br \/>\n\t\t\t\t\t\t<\/sr7-slide><br \/>\n\t\t\t\t\t\t<sr7-slide id=\"SR7_1_2-7\" data-key=\"7\"><br \/>\n\t\t\t\t\t\t\t<sr7-bg id=\"SR7_1_2-7-14\" class=\"sr7-layer\"><noscript><img decoding=\"async\" src=\"https:\/\/irajalipour.com\/wp-content\/uploads\/2024\/10\/EWS-Besuch-Europaeischer-Rechnungshof-1-scaled.jpg\" alt=\"\" title=\"EWS Besuch Europ\u00e4ischer Rechnungshof\"><\/noscript><\/sr7-bg><br \/>\n\t\t\t\t\t\t\t<sr7-txt id=\"SR7_1_2-7-1\" class=\"sr7-layer\">Projekte<\/sr7-txt><br \/>\n\t\t\t\t\t\t\t<sr7-txt id=\"SR7_1_2-7-5\" class=\"sr7-layer\">Politische Treffen<\/sr7-txt><br \/>\n\t\t\t\t\t\t\t<a id=\"SR7_1_2-7-7\" class=\"sr7-layer\" href=\"https:\/\/irajalipour.com\/index.php\/werte\/\" target=\"_self\">Die Werte der EWS<\/a><br \/>\n\t\t\t\t\t\t\t<sr7-txt id=\"SR7_1_2-7-10\" class=\"sr7-layer\">Iraj Alipour<\/sr7-txt><br \/>\n\t\t\t\t\t\t\t<sr7-txt id=\"SR7_1_2-7-12\" class=\"sr7-layer\">Wirtschaftssenator <\/sr7-txt><br \/>\n\t\t\t\t\t\t<\/sr7-slide><br \/>\n\t\t\t\t\t\t<sr7-slide id=\"SR7_1_2-3\" data-key=\"3\"><br \/>\n\t\t\t\t\t\t<\/sr7-slide><br \/>\n\t\t\t\t\t<\/sr7-content><br \/>\n\t\t\t\t\t<image_lists style=\"display:none\"><br \/>\n\t\t\t\t\t\t<img data-src=\"\/\/irajalipour.com\/wp-content\/uploads\/2024\/09\/EES.gif\" data-libid=\"3959\" data-lib=\"medialibrary\" title=\"EES\" width=\"0\" height=\"0\" data-dbsrc=\"Ly9pcmFqYWxpcG91ci5jb20vd3AtY29udGVudC91cGxvYWRzLzIwMjQvMDkvRUVTLmdpZg==\"\/><br \/>\n\t\t\t\t\t\t<img data-src=\"\/\/insura.brickthemes.com\/wp-content\/uploads\/2019\/08\/analysis-w.png\" width=\"0\" height=\"0\" data-dbsrc=\"Ly9pbnN1cmEuYnJpY2t0aGVtZXMuY29tL3dwLWNvbnRlbnQvdXBsb2Fkcy8yMDE5LzA4L2FuYWx5c2lzLXcucG5n\"\/><br \/>\n\t\t\t\t\t\t<img data-src=\"\/\/insura.brickthemes.com\/wp-content\/uploads\/2019\/08\/contract-w.png\" width=\"0\" height=\"0\" data-dbsrc=\"Ly9pbnN1cmEuYnJpY2t0aGVtZXMuY29tL3dwLWNvbnRlbnQvdXBsb2Fkcy8yMDE5LzA4L2NvbnRyYWN0LXcucG5n\"\/><br \/>\n\t\t\t\t\t\t<img loading=\"lazy\" loading=\"lazy\" data-src=\"\/\/insura.brickthemes.com\/wp-content\/uploads\/2019\/08\/life-insurance-w.png\" width=\"0\" height=\"0\" data-dbsrc=\"Ly9pbnN1cmEuYnJpY2t0aGVtZXMuY29tL3dwLWNvbnRlbnQvdXBsb2Fkcy8yMDE5LzA4L2xpZmUtaW5zdXJhbmNlLXcucG5n\"\/><br \/>\n\t\t\t\t\t\t<img loading=\"lazy\" loading=\"lazy\" data-src=\"\/\/irajalipour.com\/wp-content\/uploads\/2024\/10\/ews-280x300-1.webp\" data-libid=\"4124\" data-lib=\"medialibrary\" title=\"ews-280&#215;300\" width=\"0\" height=\"0\" data-dbsrc=\"Ly9pcmFqYWxpcG91ci5jb20vd3AtY29udGVudC91cGxvYWRzLzIwMjQvMTAvZXdzLTI4MHgzMDAtMS53ZWJw\"\/><br \/>\n\t\t\t\t\t\t<img loading=\"lazy\" loading=\"lazy\" data-src=\"\/\/irajalipour.com\/wp-content\/uploads\/2024\/10\/gegdgf.jpg\" data-libid=\"4129\" data-lib=\"medialibrary\" title=\"gegdgf\" width=\"0\" height=\"0\" data-dbsrc=\"Ly9pcmFqYWxpcG91ci5jb20vd3AtY29udGVudC91cGxvYWRzLzIwMjQvMTAvZ2VnZGdmLmpwZw==\"\/><br \/>\n\t\t\t\t\t\t<img loading=\"lazy\" loading=\"lazy\" data-src=\"\/\/irajalipour.com\/wp-content\/uploads\/2024\/10\/EWS-Besuch-Europaeischer-Rechnungshof-1-scaled.jpg\" data-libid=\"4123\" data-lib=\"medialibrary\" title=\"EWS Besuch Europ\u00e4ischer Rechnungshof\" width=\"0\" height=\"0\" data-dbsrc=\"Ly9pcmFqYWxpcG91ci5jb20vd3AtY29udGVudC91cGxvYWRzLzIwMjQvMTAvRVdTLUJlc3VjaC1FdXJvcGFlaXNjaGVyLVJlY2hudW5nc2hvZi0xLXNjYWxlZC5qcGc=\"\/><br \/>\n\t\t\t\t\t<\/image_lists><br \/>\n\t\t\t\t<\/sr7-module><br \/>\n\t\t\t\t<script>\n\t\t\t\t\tSR7.PMH ??={}; SR7.PMH[\"SR7_1_2\"] = {cn:0,state:false,fn: function() { if (_tpt!==undefined &#038;& _tpt.prepareModuleHeight !== undefined) {  _tpt.prepareModuleHeight({id:\"SR7_1_2\",el:[868,868,868,868,720],type:'standard',shdw:'0',gh:[868,868,868,868,720],gw:[1240,1240,1240,1240,480],vpt:['-200px&#039;,&#039;-200px&#039;,&#039;-200px&#039;,&#039;-200px&#039;,&#039;-200px'],size:{fullWidth:true, fullHeight:true},fho:',',mh:'0',onh:0,onw:0,bg:{color:'{\"orig\":\"transparent\",\"type\":\"solid\",\"string\":\"transparent\"}'},plType:'0',plColor:'#FFFFFF'});   SR7.PMH[\"SR7_1_2\"].state=true;} else if((SR7.PMH[\"SR7_1_2\"].cn++)<100)\tsetTimeout( SR7.PMH[\"SR7_1_2\"].fn,19);}};SR7.PMH[\"SR7_1_2\" ].fn();\n\t\t\t\t<\/script><\/p>\n<p style=\"text-align: center;\">Stoppt den Preisanstieg \u2013 Rettet den Wohlstand der Menschen! \ud83d\udea8<\/p>\n<p>Wenn die Preise steigen, haben die Menschen weniger Essen auf dem Tisch! Die Regierung druckt st\u00e4ndig neues Geld, um steigende Kosten zu decken \u2013 doch mehr Geld drucken bedeutet nicht mehr Wohlstand! Es bedeutet Schulden! Es bedeutet Inflation!<\/p>\n<p>\ud83d\udcc9 Die einzige L\u00f6sung f\u00fcr den Wohlstand der Menschen ist die Senkung der Preise!<br \/>\ud83d\udcc9 Je mehr die T\u00fcrkische Lira steigt, desto mehr verliert sie an Wert!<\/p>\n<p>Die Zahlen l\u00fcgen nicht!<br \/>\ud83d\udcca Letztes Jahr zeigte sich, dass Preissteigerungen nur den H\u00e4ndlern zugutekommen \u2013 die Verbraucher leiden! Doch 70 % der Menschen in diesem Land sind Verbraucher!<br \/>Erh\u00f6hte Preise = H\u00f6here Inflation!<\/p>\n<p>\ud83d\udccc Je mehr die Regierung die Geh\u00e4lter erh\u00f6ht, desto mehr steigt die Inflation!<br \/>\ud83d\udccc Je mehr die Preise steigen, desto gr\u00f6\u00dfer wird die k\u00fcnstliche Inflation, die von externen M\u00e4chten gef\u00f6rdert wird!<\/p>\n<p>\ud83c\uddf9\ud83c\uddf7 Dies ist die T\u00fcrkei! Wenn die Preiserh\u00f6hungen nicht gestoppt werden, wird die Inflation weiter steigen!<\/p>\n<p>\ud83d\udc49 STOPPT die Preiserh\u00f6hungen!<br \/>\ud83d\udc49 SENKT die Preise!<br \/>\ud83d\udc49 Gebt der T\u00fcrkischen Lira ihren Wert zur\u00fcck!<br \/>\ud83d\udc49 Lasst das Geld der Menschen wieder etwas wert sein!<\/p>\n<p>Schluss mit der massiven Ausfuhr lebenswichtiger G\u00fcter ins Ausland!<br \/>Reguliert den Import unn\u00f6tiger Produkte und stoppt den unkontrollierten Kapitalabfluss!<br \/>Drei Ma\u00dfnahmen f\u00fcr den Wohlstand der T\u00fcrkei:<\/p>\n<p>\u2705 STOPP der Preiserh\u00f6hungen!<br \/>\u2705 SENKUNG der Preise!<br \/>\u2705 KEIN weiteres Gelddrucken!<\/p>\n<p>\ud83d\ude80 Diese Ma\u00dfnahmen werden schnell wirken und das Land zu echtem Wohlstand f\u00fchren! Wenn wir jetzt handeln, kann die T\u00fcrkische Lira wieder an Wert gewinnen! Lasst uns gemeinsam f\u00fcr eine starke Zukunft k\u00e4mpfen! \ud83d\udcaa\ud83c\uddf9\ud83c\uddf7<\/p>\n<h3 data-start=\"103\" data-end=\"156\"><strong data-start=\"107\" data-end=\"149\">Gemeinsam f\u00fcr eine Welt ohne Abfall<\/strong> \ud83c\udf0d\u267b\ufe0f<\/h3>\n<p data-start=\"157\" data-end=\"554\"><strong data-start=\"157\" data-end=\"173\">Iraj Alipour<\/strong>, Wirtschaftssenator der EU und Pr\u00e4sident der <strong data-start=\"219\" data-end=\"255\">Eco-Friendly Dolphin Association<\/strong>, setzt neue Ma\u00dfst\u00e4be f\u00fcr Nachhaltigkeit.\u00a0<\/p>\n<p data-start=\"157\" data-end=\"554\">Sein Ziel:\u00a0<br \/><strong data-start=\"308\" data-end=\"359\">Eine saubere Zukunft f\u00fcr kommende Generationen.<\/strong> Durch umweltbewusste Innovationen und internationale Kooperationen treibt er den Wandel hin zu einer <strong data-start=\"461\" data-end=\"494\">gr\u00fcneren, nachhaltigeren Welt<\/strong> voran.<br data-start=\"501\" data-end=\"504\" \/><br \/>\ud83d\udc49 <strong data-start=\"507\" data-end=\"539\">Seien Sie Teil der Bewegung!<\/strong> #IchBinNatur<\/p>\n","protected":false},"author":1,"featured_media":0,"parent":0,"menu_order":0,"comment_status":"closed","ping_status":"closed","template":"page-fullwidth.php","meta":{"footnotes":""},"class_list":["post-4477","page","type-page","status-publish","hentry"],"aioseo_notices":[],"_links":{"self":[{"href":"https:\/\/irajalipour.com\/index.php\/wp-json\/wp\/v2\/pages\/4477","targetHints":{"allow":["GET"]}}],"collection":[{"href":"https:\/\/irajalipour.com\/index.php\/wp-json\/wp\/v2\/pages"}],"about":[{"href":"https:\/\/irajalipour.com\/index.php\/wp-json\/wp\/v2\/types\/page"}],"author":[{"embeddable":true,"href":"https:\/\/irajalipour.com\/index.php\/wp-json\/wp\/v2\/users\/1"}],"replies":[{"embeddable":true,"href":"https:\/\/irajalipour.com\/index.php\/wp-json\/wp\/v2\/comments?post=4477"}],"version-history":[{"count":4,"href":"https:\/\/irajalipour.com\/index.php\/wp-json\/wp\/v2\/pages\/4477\/revisions"}],"predecessor-version":[{"id":4481,"href":"https:\/\/irajalipour.com\/index.php\/wp-json\/wp\/v2\/pages\/4477\/revisions\/4481"}],"wp:attachment":[{"href":"https:\/\/irajalipour.com\/index.php\/wp-json\/wp\/v2\/media?parent=4477"}],"curies":[{"name":"wp","href":"https:\/\/api.w.org\/{rel}","templated":true}]}}