{"id":4978,"date":"2025-03-19T13:21:48","date_gmt":"2025-03-19T13:21:48","guid":{"rendered":"https:\/\/irajalipour.com\/?page_id=4978"},"modified":"2025-03-19T13:26:21","modified_gmt":"2025-03-19T13:26:21","slug":"werte","status":"publish","type":"page","link":"https:\/\/irajalipour.com\/index.php\/werte\/","title":{"rendered":"Werte"},"content":{"rendered":"\t\t<div data-elementor-type=\"wp-post\" data-elementor-id=\"4978\" class=\"elementor elementor-4978\">\n\t\t\t\t\t\t<section class=\"elementor-section elementor-top-section elementor-element elementor-element-fe22a0b elementor-section-full_width elementor-section-height-full elementor-section-height-default elementor-section-items-middle\" data-id=\"fe22a0b\" data-element_type=\"section\" data-e-type=\"section\">\n\t\t\t\t\t\t<div class=\"elementor-container elementor-column-gap-no\">\n\t\t\t\t\t<div class=\"elementor-column elementor-col-100 elementor-top-column elementor-element elementor-element-385b0f8\" data-id=\"385b0f8\" data-element_type=\"column\" data-e-type=\"column\">\n\t\t\t<div class=\"elementor-widget-wrap elementor-element-populated\">\n\t\t\t\t\t\t<div class=\"elementor-element elementor-element-a545639 elementor-widget elementor-widget-slider_revolution\" data-id=\"a545639\" data-element_type=\"widget\" data-e-type=\"widget\" data-widget_type=\"slider_revolution.default\">\n\t\t\t\t<div class=\"elementor-widget-container\">\n\t\t\t\t\t\n\t\t<div class=\"wp-block-themepunch-revslider\">\n\t\t\t\t<p class=\"rs-p-wp-fix\"><\/p>\n\t\t\t\t<sr7-module data-alias=\"home\" data-id=\"1\" id=\"SR7_1_1\" class=\"rs-ov-hidden\" data-version=\"6.7.18\">\n\t\t\t\t\t<sr7-adjuster><\/sr7-adjuster>\n\t\t\t\t\t<sr7-content>\n\t\t\t\t\t\t<sr7-slide id=\"SR7_1_1-1\" data-key=\"1\">\n\t\t\t\t\t\t\t<sr7-bg id=\"SR7_1_1-1-14\" class=\"sr7-layer\"><noscript><img decoding=\"async\" src=\"https:\/\/irajalipour.com\/wp-content\/uploads\/2024\/10\/gegdgf.jpg\" alt=\"\" title=\"gegdgf\"><\/noscript><\/sr7-bg>\n\t\t\t\t\t\t\t<sr7-txt id=\"SR7_1_1-1-1\" class=\"sr7-layer\">Projekte<\/sr7-txt>\n\t\t\t\t\t\t\t<sr7-txt id=\"SR7_1_1-1-5\" class=\"sr7-layer\">Politische Treffen<\/sr7-txt>\n\t\t\t\t\t\t\t<a id=\"SR7_1_1-1-7\" class=\"sr7-layer\" href=\"https:\/\/irajalipour.com\/index.php\/werte\/\" target=\"_self\">Die Werte der EWS<\/a>\n\t\t\t\t\t\t\t<sr7-txt id=\"SR7_1_1-1-10\" class=\"sr7-layer\">Iraj Alipour<\/sr7-txt>\n\t\t\t\t\t\t\t<sr7-txt id=\"SR7_1_1-1-12\" class=\"sr7-layer\">Wirtschaftssenator <\/sr7-txt>\n\t\t\t\t\t\t<\/sr7-slide>\n\t\t\t\t\t\t<sr7-slide id=\"SR7_1_1-7\" data-key=\"7\">\n\t\t\t\t\t\t\t<sr7-bg id=\"SR7_1_1-7-14\" class=\"sr7-layer\"><noscript><img decoding=\"async\" src=\"https:\/\/irajalipour.com\/wp-content\/uploads\/2024\/10\/EWS-Besuch-Europaeischer-Rechnungshof-1-scaled.jpg\" alt=\"\" title=\"EWS Besuch Europ\u00e4ischer Rechnungshof\"><\/noscript><\/sr7-bg>\n\t\t\t\t\t\t\t<sr7-txt id=\"SR7_1_1-7-1\" class=\"sr7-layer\">Projekte<\/sr7-txt>\n\t\t\t\t\t\t\t<sr7-txt id=\"SR7_1_1-7-5\" class=\"sr7-layer\">Politische Treffen<\/sr7-txt>\n\t\t\t\t\t\t\t<a id=\"SR7_1_1-7-7\" class=\"sr7-layer\" href=\"https:\/\/irajalipour.com\/index.php\/werte\/\" target=\"_self\">Die Werte der EWS<\/a>\n\t\t\t\t\t\t\t<sr7-txt id=\"SR7_1_1-7-10\" class=\"sr7-layer\">Iraj Alipour<\/sr7-txt>\n\t\t\t\t\t\t\t<sr7-txt id=\"SR7_1_1-7-12\" class=\"sr7-layer\">Wirtschaftssenator <\/sr7-txt>\n\t\t\t\t\t\t<\/sr7-slide>\n\t\t\t\t\t\t<sr7-slide id=\"SR7_1_1-3\" data-key=\"3\">\n\t\t\t\t\t\t<\/sr7-slide>\n\t\t\t\t\t<\/sr7-content>\n\t\t\t\t\t<image_lists style=\"display:none\">\n\t\t\t\t\t\t<img data-src=\"\/\/irajalipour.com\/wp-content\/uploads\/2024\/09\/EES.gif\" data-libid=\"3959\" data-lib=\"medialibrary\" title=\"EES\" width=\"0\" height=\"0\" data-dbsrc=\"Ly9pcmFqYWxpcG91ci5jb20vd3AtY29udGVudC91cGxvYWRzLzIwMjQvMDkvRUVTLmdpZg==\"\/>\n\t\t\t\t\t\t<img data-src=\"\/\/insura.brickthemes.com\/wp-content\/uploads\/2019\/08\/analysis-w.png\" width=\"0\" height=\"0\" data-dbsrc=\"Ly9pbnN1cmEuYnJpY2t0aGVtZXMuY29tL3dwLWNvbnRlbnQvdXBsb2Fkcy8yMDE5LzA4L2FuYWx5c2lzLXcucG5n\"\/>\n\t\t\t\t\t\t<img data-src=\"\/\/insura.brickthemes.com\/wp-content\/uploads\/2019\/08\/contract-w.png\" width=\"0\" height=\"0\" data-dbsrc=\"Ly9pbnN1cmEuYnJpY2t0aGVtZXMuY29tL3dwLWNvbnRlbnQvdXBsb2Fkcy8yMDE5LzA4L2NvbnRyYWN0LXcucG5n\"\/>\n\t\t\t\t\t\t<img loading=\"lazy\" data-src=\"\/\/insura.brickthemes.com\/wp-content\/uploads\/2019\/08\/life-insurance-w.png\" width=\"0\" height=\"0\" data-dbsrc=\"Ly9pbnN1cmEuYnJpY2t0aGVtZXMuY29tL3dwLWNvbnRlbnQvdXBsb2Fkcy8yMDE5LzA4L2xpZmUtaW5zdXJhbmNlLXcucG5n\"\/>\n\t\t\t\t\t\t<img loading=\"lazy\" data-src=\"\/\/irajalipour.com\/wp-content\/uploads\/2024\/10\/ews-280x300-1.webp\" data-libid=\"4124\" data-lib=\"medialibrary\" title=\"ews-280&#215;300\" width=\"0\" height=\"0\" data-dbsrc=\"Ly9pcmFqYWxpcG91ci5jb20vd3AtY29udGVudC91cGxvYWRzLzIwMjQvMTAvZXdzLTI4MHgzMDAtMS53ZWJw\"\/>\n\t\t\t\t\t\t<img loading=\"lazy\" data-src=\"\/\/irajalipour.com\/wp-content\/uploads\/2024\/10\/gegdgf.jpg\" data-libid=\"4129\" data-lib=\"medialibrary\" title=\"gegdgf\" width=\"0\" height=\"0\" data-dbsrc=\"Ly9pcmFqYWxpcG91ci5jb20vd3AtY29udGVudC91cGxvYWRzLzIwMjQvMTAvZ2VnZGdmLmpwZw==\"\/>\n\t\t\t\t\t\t<img loading=\"lazy\" data-src=\"\/\/irajalipour.com\/wp-content\/uploads\/2024\/10\/EWS-Besuch-Europaeischer-Rechnungshof-1-scaled.jpg\" data-libid=\"4123\" data-lib=\"medialibrary\" title=\"EWS Besuch Europ\u00e4ischer Rechnungshof\" width=\"0\" height=\"0\" data-dbsrc=\"Ly9pcmFqYWxpcG91ci5jb20vd3AtY29udGVudC91cGxvYWRzLzIwMjQvMTAvRVdTLUJlc3VjaC1FdXJvcGFlaXNjaGVyLVJlY2hudW5nc2hvZi0xLXNjYWxlZC5qcGc=\"\/>\n\t\t\t\t\t<\/image_lists>\n\t\t\t\t<\/sr7-module>\n\t\t\t\t<script>\n\t\t\t\t\tSR7.PMH ??={}; SR7.PMH[\"SR7_1_1\"] = {cn:0,state:false,fn: function() { if (_tpt!==undefined && _tpt.prepareModuleHeight !== undefined) {  _tpt.prepareModuleHeight({id:\"SR7_1_1\",el:[868,868,868,868,720],type:'standard',shdw:'0',gh:[868,868,868,868,720],gw:[1240,1240,1240,1240,480],vpt:['-200px&#039;,&#039;-200px&#039;,&#039;-200px&#039;,&#039;-200px&#039;,&#039;-200px'],size:{fullWidth:true, fullHeight:true},fho:',',mh:'0',onh:0,onw:0,bg:{color:'{\"orig\":\"transparent\",\"type\":\"solid\",\"string\":\"transparent\"}'},plType:'0',plColor:'#FFFFFF'});   SR7.PMH[\"SR7_1_1\"].state=true;} else if((SR7.PMH[\"SR7_1_1\"].cn++)<100)\tsetTimeout( SR7.PMH[\"SR7_1_1\"].fn,19);}};SR7.PMH[\"SR7_1_1\" ].fn();\n\t\t\t\t<\/script>\n<\/div>\n\n\t\t\t\t\t\t<\/div>\n\t\t\t\t<\/div>\n\t\t\t\t\t<\/div>\n\t\t<\/div>\n\t\t\t\t\t<\/div>\n\t\t<\/section>\n\t\t<div class=\"elementor-element elementor-element-02e4045 e-flex e-con-boxed e-con e-parent\" data-id=\"02e4045\" data-element_type=\"container\" data-e-type=\"container\">\n\t\t\t\t\t<div class=\"e-con-inner\">\n\t\t<div class=\"elementor-element elementor-element-b97d55b e-con-full e-flex e-con e-child\" data-id=\"b97d55b\" data-element_type=\"container\" data-e-type=\"container\">\n\t\t\t\t<\/div>\n\t\t<div class=\"elementor-element elementor-element-7c58088 e-con-full e-flex e-con e-child\" data-id=\"7c58088\" data-element_type=\"container\" data-e-type=\"container\">\n\t\t\t\t<\/div>\n\t\t\t\t\t<\/div>\n\t\t\t\t<\/div>\n\t\t<div class=\"elementor-element elementor-element-8068bed e-flex e-con-boxed e-con e-parent\" data-id=\"8068bed\" data-element_type=\"container\" data-e-type=\"container\">\n\t\t\t\t\t<div class=\"e-con-inner\">\n\t\t<div class=\"elementor-element elementor-element-3749345 e-con-full e-flex e-con e-child\" data-id=\"3749345\" data-element_type=\"container\" data-e-type=\"container\">\n\t\t\t\t<div class=\"elementor-element elementor-element-c51b447 elementor-widget elementor-widget-text-editor\" data-id=\"c51b447\" data-element_type=\"widget\" data-e-type=\"widget\" data-widget_type=\"text-editor.default\">\n\t\t\t\t<div class=\"elementor-widget-container\">\n\t\t\t\t\t\t\t\t\t<p style=\"text-align: center;\"><span style=\"color: #000000;\">EHRENKODEX <\/span><span style=\"color: #000000;\">des EUROP\u00c4ISCHEN WIRTSCHAFTSSENAT e.V. EWS<\/span><\/p>\t\t\t\t\t\t\t\t<\/div>\n\t\t\t\t<\/div>\n\t\t\t\t<div class=\"elementor-element elementor-element-1fc691d elementor-widget elementor-widget-text-editor\" data-id=\"1fc691d\" data-element_type=\"widget\" data-e-type=\"widget\" data-widget_type=\"text-editor.default\">\n\t\t\t\t<div class=\"elementor-widget-container\">\n\t\t\t\t\t\t\t\t\t<p><strong><span style=\"color: #000000;\">MEINE PERS\u00d6NLICHEN GRUNDS\u00c4TZE<\/span><\/strong><\/p>\t\t\t\t\t\t\t\t<\/div>\n\t\t\t\t<\/div>\n\t\t\t\t<div class=\"elementor-element elementor-element-0398600 elementor-widget elementor-widget-text-editor\" data-id=\"0398600\" data-element_type=\"widget\" data-e-type=\"widget\" data-widget_type=\"text-editor.default\">\n\t\t\t\t<div class=\"elementor-widget-container\">\n\t\t\t\t\t\t\t\t\t<div align=\"left\"><ol><li><span style=\"color: #000000;\">Ich habe Achtung vor menschlicher W\u00fcrde und Individualit\u00e4t.<\/span><\/li><li><span style=\"color: #000000;\">Ich setze mich ein f\u00fcr Anstand, Wahrheit und Gerechtigkeit.<\/span><\/li><li><span style=\"color: #000000;\">Ich stehe f\u00fcr klare Entscheidungen und praktiziere Fairness.<\/span><\/li><li><span style=\"color: #000000;\">Ich betrachte Verantwortung und Engagement f\u00fcr Staat und Gesellschaft als wesentliche Grundlage meiner Lebensf\u00fchrung.<\/span><\/li><li><span style=\"color: #000000;\">Ich l\u00f6se Konflikte ausschlie\u00dflich mit fairen Mitteln der Kommunikation.<br \/><\/span><\/li><\/ol><\/div>\t\t\t\t\t\t\t\t<\/div>\n\t\t\t\t<\/div>\n\t\t\t\t<div class=\"elementor-element elementor-element-5f432f2 elementor-widget elementor-widget-text-editor\" data-id=\"5f432f2\" data-element_type=\"widget\" data-e-type=\"widget\" data-widget_type=\"text-editor.default\">\n\t\t\t\t<div class=\"elementor-widget-container\">\n\t\t\t\t\t\t\t\t\t<p><strong><span style=\"color: #000000;\">MEINE UNTERNEHMERISCHEN GRUNDS\u00c4TZE<\/span><\/strong><\/p>\t\t\t\t\t\t\t\t<\/div>\n\t\t\t\t<\/div>\n\t\t\t\t<div class=\"elementor-element elementor-element-157867f elementor-widget elementor-widget-text-editor\" data-id=\"157867f\" data-element_type=\"widget\" data-e-type=\"widget\" data-widget_type=\"text-editor.default\">\n\t\t\t\t<div class=\"elementor-widget-container\">\n\t\t\t\t\t\t\t\t\t<ol><li><span style=\"color: #000000;\">Ich st\u00e4rke durch meine Mitgliedschaft im Europ\u00e4ischen Wirtschaftssenat ganz bewusst die Interessen der Unternehmer und der Unternehmen mit seinen Mitarbeitern.<\/span><\/li><li><span style=\"color: #000000;\">Ich bin F\u00f6rderer einer sozialen Marktwirtschaft, setze mich f\u00fcr ein positives Unternehmerbild ein und bin bereit, dies in der \u00d6ffentlichkeit aktiv zu vertreten.<\/span><\/li><li><span style=\"color: #000000;\">Ich handele nach ethischen Grunds\u00e4tzen und den Grunds\u00e4tzen eines ehrbaren Kaufmanns.<\/span><\/li><li><span style=\"color: #000000;\">Ich achte darauf, dass mein unternehmerisches Handeln gleicherma\u00dfen mitarbeiter-, kunden- und ergebnisorientiert ist, auch unter dem Aspekt des nachhaltigen Wirtschaftens.<\/span><\/li><li><span style=\"color: #000000;\">Ich lege Wert auf die Verbesserung von Kompetenzen und bin dabei offen f\u00fcr Erfahrungsaustausch, Kooperationen und die Vernetzung von Netzwerken.<\/span><\/li><\/ol>\t\t\t\t\t\t\t\t<\/div>\n\t\t\t\t<\/div>\n\t\t\t\t<\/div>\n\t\t<div class=\"elementor-element elementor-element-fa58c4c e-con-full e-flex e-con e-child\" data-id=\"fa58c4c\" data-element_type=\"container\" data-e-type=\"container\">\n\t\t\t\t<div class=\"elementor-element elementor-element-bd24030 elementor-widget elementor-widget-bdt-member\" data-id=\"bd24030\" data-element_type=\"widget\" data-e-type=\"widget\" data-widget_type=\"bdt-member.default\">\n\t\t\t\t<div class=\"elementor-widget-container\">\n\t\t\t\t\t\n\t\t<div class=\"bdt-member skin-default bdt-transition-toggle\">\n\t\t\t\n\t\t\t\t<div class=\"bdt-member-photo-wrapper\">\n\n\t\t\t\t\t\n\t\t\t\t\t\t<div class=\"bdt-member-photo\">\n\t\t\t\t\t\t\t<div class=\"\">\n\n\t\t\t\t\t\t\t\t<img loading=\"lazy\" decoding=\"async\" width=\"512\" height=\"512\" src=\"https:\/\/irajalipour.com\/wp-content\/uploads\/2024\/10\/cropped-pp-1024x682-1.jpeg\" class=\"attachment- size-\" alt=\"Iraj Alipour\" srcset=\"https:\/\/irajalipour.com\/wp-content\/uploads\/2024\/10\/cropped-pp-1024x682-1.jpeg 512w, https:\/\/irajalipour.com\/wp-content\/uploads\/2024\/10\/cropped-pp-1024x682-1-300x300.jpeg 300w, https:\/\/irajalipour.com\/wp-content\/uploads\/2024\/10\/cropped-pp-1024x682-1-150x150.jpeg 150w, https:\/\/irajalipour.com\/wp-content\/uploads\/2024\/10\/cropped-pp-1024x682-1-160x160.jpeg 160w, https:\/\/irajalipour.com\/wp-content\/uploads\/2024\/10\/cropped-pp-1024x682-1-270x270.jpeg 270w, https:\/\/irajalipour.com\/wp-content\/uploads\/2024\/10\/cropped-pp-1024x682-1-192x192.jpeg 192w, https:\/\/irajalipour.com\/wp-content\/uploads\/2024\/10\/cropped-pp-1024x682-1-180x180.jpeg 180w, https:\/\/irajalipour.com\/wp-content\/uploads\/2024\/10\/cropped-pp-1024x682-1-32x32.jpeg 32w\" sizes=\"(max-width: 512px) 100vw, 512px\" \/>\n\t\t\t\t\t\t\t<\/div>\n\t\t\t\t\t\t<\/div>\n\n\t\t\t\t\t\t\n\t\t\t\t<\/div>\n\t\t\t\n\t\t\t<div class=\"bdt-member-content\">\n\t\t\t\t\t\t\t\t\t<span class=\"bdt-member-name\">\n\t\t\t\t\t\tIraj Alipour\t\t\t\t\t<\/span>\n\t\t\t\t\t\t\t\t\t\t\t\t\t\t\t<\/div>\n\n\t\t\t\n\t\t<\/div>\n\t\t\t\t\t\t<\/div>\n\t\t\t\t<\/div>\n\t\t\t\t<\/div>\n\t\t\t\t\t<\/div>\n\t\t\t\t<\/div>\n\t\t<div class=\"elementor-element elementor-element-0e790e9 e-flex e-con-boxed e-con e-parent\" data-id=\"0e790e9\" data-element_type=\"container\" data-e-type=\"container\">\n\t\t\t\t\t<div class=\"e-con-inner\">\n\t\t<div class=\"elementor-element elementor-element-d6f3fc9 e-con-full e-flex e-con e-child\" data-id=\"d6f3fc9\" data-element_type=\"container\" data-e-type=\"container\">\n\t\t\t\t<div class=\"elementor-element elementor-element-483836c elementor-widget elementor-widget-spacer\" data-id=\"483836c\" data-element_type=\"widget\" data-e-type=\"widget\" data-widget_type=\"spacer.default\">\n\t\t\t\t<div class=\"elementor-widget-container\">\n\t\t\t\t\t\t\t<div class=\"elementor-spacer\">\n\t\t\t<div class=\"elementor-spacer-inner\"><\/div>\n\t\t<\/div>\n\t\t\t\t\t\t<\/div>\n\t\t\t\t<\/div>\n\t\t\t\t<div class=\"elementor-element elementor-element-b822b85 animated-slow elementor-invisible elementor-widget elementor-widget-text-editor\" data-id=\"b822b85\" data-element_type=\"widget\" data-e-type=\"widget\" data-settings=\"{&quot;_animation&quot;:&quot;zoomIn&quot;}\" data-widget_type=\"text-editor.default\">\n\t\t\t\t<div class=\"elementor-widget-container\">\n\t\t\t\t\t\t\t\t\t<h4 data-start=\"103\" data-end=\"156\"><span style=\"color: #000000;\"><strong data-start=\"107\" data-end=\"149\">Gemeinsam f\u00fcr eine Welt ohne Abfall<\/strong> \ud83c\udf0d\u267b\ufe0f<\/span><\/h4><p data-start=\"157\" data-end=\"554\"><span style=\"color: #000000;\"><strong data-start=\"157\" data-end=\"173\">Iraj Alipour<\/strong>, Wirtschaftssenator der EU und Pr\u00e4sident der <strong data-start=\"219\" data-end=\"255\">Eco-Friendly Dolphin Association<\/strong>, setzt neue Ma\u00dfst\u00e4be f\u00fcr Nachhaltigkeit.\u00a0<\/span><\/p><p data-start=\"157\" data-end=\"554\"><span style=\"color: #000000;\">Sein Ziel:\u00a0<\/span><br \/><span style=\"color: #000000;\"><strong data-start=\"308\" data-end=\"359\">Eine saubere Zukunft f\u00fcr kommende Generationen.<\/strong> Durch umweltbewusste Innovationen und internationale Kooperationen treibt er den Wandel hin zu einer <strong data-start=\"461\" data-end=\"494\">gr\u00fcneren, nachhaltigeren Welt<\/strong> voran.<\/span><br data-start=\"501\" data-end=\"504\" \/><br \/><span style=\"color: #000000;\">\ud83d\udc49 <strong data-start=\"507\" data-end=\"539\">Seien Sie Teil der Bewegung!<\/strong> #IchBinNatur<\/span><\/p>\t\t\t\t\t\t\t\t<\/div>\n\t\t\t\t<\/div>\n\t\t\t\t<\/div>\n\t\t<div class=\"elementor-element elementor-element-ed3114c e-con-full e-flex e-con e-child\" data-id=\"ed3114c\" data-element_type=\"container\" data-e-type=\"container\">\n\t\t\t\t<div class=\"elementor-element elementor-element-84905f3 elementor-widget elementor-widget-form\" data-id=\"84905f3\" data-element_type=\"widget\" data-e-type=\"widget\" data-widget_type=\"form.default\">\n\t\t\t\t<div class=\"elementor-widget-container\">\n\t\t\t\t\t \t\t\t\t<\/div>\n\t\t\t\t<\/div>\n\t\t\t\t<\/div>\n\t\t\t\t\t<\/div>\n\t\t\t\t<\/div>\n\t\t\t\t<\/div>\n\t\t","protected":false},"excerpt":{"rendered":"<p class=\"rs-p-wp-fix\">\n<p>\t\t\t\t<sr7-module data-alias=\"home\" data-id=\"1\" id=\"SR7_1_2\" class=\"rs-ov-hidden\" data-version=\"6.7.18\"><br \/>\n\t\t\t\t\t<sr7-adjuster><\/sr7-adjuster><br \/>\n\t\t\t\t\t<sr7-content><br \/>\n\t\t\t\t\t\t<sr7-slide id=\"SR7_1_2-1\" data-key=\"1\"><br \/>\n\t\t\t\t\t\t\t<sr7-bg id=\"SR7_1_2-1-14\" class=\"sr7-layer\"><noscript><img decoding=\"async\" src=\"https:\/\/irajalipour.com\/wp-content\/uploads\/2024\/10\/gegdgf.jpg\" alt=\"\" title=\"gegdgf\"><\/noscript><\/sr7-bg><br \/>\n\t\t\t\t\t\t\t<sr7-txt id=\"SR7_1_2-1-1\" class=\"sr7-layer\">Projekte<\/sr7-txt><br \/>\n\t\t\t\t\t\t\t<sr7-txt id=\"SR7_1_2-1-5\" class=\"sr7-layer\">Politische Treffen<\/sr7-txt><br \/>\n\t\t\t\t\t\t\t<a id=\"SR7_1_2-1-7\" class=\"sr7-layer\" href=\"https:\/\/irajalipour.com\/index.php\/werte\/\" target=\"_self\">Die Werte der EWS<\/a><br \/>\n\t\t\t\t\t\t\t<sr7-txt id=\"SR7_1_2-1-10\" class=\"sr7-layer\">Iraj Alipour<\/sr7-txt><br \/>\n\t\t\t\t\t\t\t<sr7-txt id=\"SR7_1_2-1-12\" class=\"sr7-layer\">Wirtschaftssenator <\/sr7-txt><br \/>\n\t\t\t\t\t\t<\/sr7-slide><br \/>\n\t\t\t\t\t\t<sr7-slide id=\"SR7_1_2-7\" data-key=\"7\"><br \/>\n\t\t\t\t\t\t\t<sr7-bg id=\"SR7_1_2-7-14\" class=\"sr7-layer\"><noscript><img decoding=\"async\" src=\"https:\/\/irajalipour.com\/wp-content\/uploads\/2024\/10\/EWS-Besuch-Europaeischer-Rechnungshof-1-scaled.jpg\" alt=\"\" title=\"EWS Besuch Europ\u00e4ischer Rechnungshof\"><\/noscript><\/sr7-bg><br \/>\n\t\t\t\t\t\t\t<sr7-txt id=\"SR7_1_2-7-1\" class=\"sr7-layer\">Projekte<\/sr7-txt><br \/>\n\t\t\t\t\t\t\t<sr7-txt id=\"SR7_1_2-7-5\" class=\"sr7-layer\">Politische Treffen<\/sr7-txt><br \/>\n\t\t\t\t\t\t\t<a id=\"SR7_1_2-7-7\" class=\"sr7-layer\" href=\"https:\/\/irajalipour.com\/index.php\/werte\/\" target=\"_self\">Die Werte der EWS<\/a><br \/>\n\t\t\t\t\t\t\t<sr7-txt id=\"SR7_1_2-7-10\" class=\"sr7-layer\">Iraj Alipour<\/sr7-txt><br \/>\n\t\t\t\t\t\t\t<sr7-txt id=\"SR7_1_2-7-12\" class=\"sr7-layer\">Wirtschaftssenator <\/sr7-txt><br \/>\n\t\t\t\t\t\t<\/sr7-slide><br \/>\n\t\t\t\t\t\t<sr7-slide id=\"SR7_1_2-3\" data-key=\"3\"><br \/>\n\t\t\t\t\t\t<\/sr7-slide><br \/>\n\t\t\t\t\t<\/sr7-content><br \/>\n\t\t\t\t\t<image_lists style=\"display:none\"><br \/>\n\t\t\t\t\t\t<img data-src=\"\/\/irajalipour.com\/wp-content\/uploads\/2024\/09\/EES.gif\" data-libid=\"3959\" data-lib=\"medialibrary\" title=\"EES\" width=\"0\" height=\"0\" data-dbsrc=\"Ly9pcmFqYWxpcG91ci5jb20vd3AtY29udGVudC91cGxvYWRzLzIwMjQvMDkvRUVTLmdpZg==\"\/><br \/>\n\t\t\t\t\t\t<img data-src=\"\/\/insura.brickthemes.com\/wp-content\/uploads\/2019\/08\/analysis-w.png\" width=\"0\" height=\"0\" data-dbsrc=\"Ly9pbnN1cmEuYnJpY2t0aGVtZXMuY29tL3dwLWNvbnRlbnQvdXBsb2Fkcy8yMDE5LzA4L2FuYWx5c2lzLXcucG5n\"\/><br \/>\n\t\t\t\t\t\t<img data-src=\"\/\/insura.brickthemes.com\/wp-content\/uploads\/2019\/08\/contract-w.png\" width=\"0\" height=\"0\" data-dbsrc=\"Ly9pbnN1cmEuYnJpY2t0aGVtZXMuY29tL3dwLWNvbnRlbnQvdXBsb2Fkcy8yMDE5LzA4L2NvbnRyYWN0LXcucG5n\"\/><br \/>\n\t\t\t\t\t\t<img loading=\"lazy\" loading=\"lazy\" data-src=\"\/\/insura.brickthemes.com\/wp-content\/uploads\/2019\/08\/life-insurance-w.png\" width=\"0\" height=\"0\" data-dbsrc=\"Ly9pbnN1cmEuYnJpY2t0aGVtZXMuY29tL3dwLWNvbnRlbnQvdXBsb2Fkcy8yMDE5LzA4L2xpZmUtaW5zdXJhbmNlLXcucG5n\"\/><br \/>\n\t\t\t\t\t\t<img loading=\"lazy\" loading=\"lazy\" data-src=\"\/\/irajalipour.com\/wp-content\/uploads\/2024\/10\/ews-280x300-1.webp\" data-libid=\"4124\" data-lib=\"medialibrary\" title=\"ews-280&#215;300\" width=\"0\" height=\"0\" data-dbsrc=\"Ly9pcmFqYWxpcG91ci5jb20vd3AtY29udGVudC91cGxvYWRzLzIwMjQvMTAvZXdzLTI4MHgzMDAtMS53ZWJw\"\/><br \/>\n\t\t\t\t\t\t<img loading=\"lazy\" loading=\"lazy\" data-src=\"\/\/irajalipour.com\/wp-content\/uploads\/2024\/10\/gegdgf.jpg\" data-libid=\"4129\" data-lib=\"medialibrary\" title=\"gegdgf\" width=\"0\" height=\"0\" data-dbsrc=\"Ly9pcmFqYWxpcG91ci5jb20vd3AtY29udGVudC91cGxvYWRzLzIwMjQvMTAvZ2VnZGdmLmpwZw==\"\/><br \/>\n\t\t\t\t\t\t<img loading=\"lazy\" loading=\"lazy\" data-src=\"\/\/irajalipour.com\/wp-content\/uploads\/2024\/10\/EWS-Besuch-Europaeischer-Rechnungshof-1-scaled.jpg\" data-libid=\"4123\" data-lib=\"medialibrary\" title=\"EWS Besuch Europ\u00e4ischer Rechnungshof\" width=\"0\" height=\"0\" data-dbsrc=\"Ly9pcmFqYWxpcG91ci5jb20vd3AtY29udGVudC91cGxvYWRzLzIwMjQvMTAvRVdTLUJlc3VjaC1FdXJvcGFlaXNjaGVyLVJlY2hudW5nc2hvZi0xLXNjYWxlZC5qcGc=\"\/><br \/>\n\t\t\t\t\t<\/image_lists><br \/>\n\t\t\t\t<\/sr7-module><br \/>\n\t\t\t\t<script>\n\t\t\t\t\tSR7.PMH ??={}; SR7.PMH[\"SR7_1_2\"] = {cn:0,state:false,fn: function() { if (_tpt!==undefined &#038;& _tpt.prepareModuleHeight !== undefined) {  _tpt.prepareModuleHeight({id:\"SR7_1_2\",el:[868,868,868,868,720],type:'standard',shdw:'0',gh:[868,868,868,868,720],gw:[1240,1240,1240,1240,480],vpt:['-200px&#039;,&#039;-200px&#039;,&#039;-200px&#039;,&#039;-200px&#039;,&#039;-200px'],size:{fullWidth:true, fullHeight:true},fho:',',mh:'0',onh:0,onw:0,bg:{color:'{\"orig\":\"transparent\",\"type\":\"solid\",\"string\":\"transparent\"}'},plType:'0',plColor:'#FFFFFF'});   SR7.PMH[\"SR7_1_2\"].state=true;} else if((SR7.PMH[\"SR7_1_2\"].cn++)<100)\tsetTimeout( SR7.PMH[\"SR7_1_2\"].fn,19);}};SR7.PMH[\"SR7_1_2\" ].fn();\n\t\t\t\t<\/script><\/p>\n<p style=\"text-align: center;\">EHRENKODEX des EUROP\u00c4ISCHEN WIRTSCHAFTSSENAT e.V. EWS<\/p>\n<p><strong>MEINE PERS\u00d6NLICHEN GRUNDS\u00c4TZE<\/strong><\/p>\n<ol>\n<li>Ich habe Achtung vor menschlicher W\u00fcrde und Individualit\u00e4t.<\/li>\n<li>Ich setze mich ein f\u00fcr Anstand, Wahrheit und Gerechtigkeit.<\/li>\n<li>Ich stehe f\u00fcr klare Entscheidungen und praktiziere Fairness.<\/li>\n<li>Ich betrachte Verantwortung und Engagement f\u00fcr Staat und Gesellschaft als wesentliche Grundlage meiner Lebensf\u00fchrung.<\/li>\n<li>Ich l\u00f6se Konflikte ausschlie\u00dflich mit fairen Mitteln der Kommunikation.<\/li>\n<\/ol>\n<p><strong>MEINE UNTERNEHMERISCHEN GRUNDS\u00c4TZE<\/strong><\/p>\n<ol>\n<li>Ich st\u00e4rke durch meine Mitgliedschaft im Europ\u00e4ischen Wirtschaftssenat ganz bewusst die Interessen der Unternehmer und der Unternehmen mit seinen Mitarbeitern.<\/li>\n<li>Ich bin F\u00f6rderer einer sozialen Marktwirtschaft, setze mich f\u00fcr ein positives Unternehmerbild ein und bin bereit, dies in der \u00d6ffentlichkeit aktiv zu vertreten.<\/li>\n<li>Ich handele nach ethischen Grunds\u00e4tzen und den Grunds\u00e4tzen eines ehrbaren Kaufmanns.<\/li>\n<li>Ich achte darauf, dass mein unternehmerisches Handeln gleicherma\u00dfen mitarbeiter-, kunden- und ergebnisorientiert ist, auch unter dem Aspekt des nachhaltigen Wirtschaftens.<\/li>\n<li>Ich lege Wert auf die Verbesserung von Kompetenzen und bin dabei offen f\u00fcr Erfahrungsaustausch, Kooperationen und die Vernetzung von Netzwerken.<\/li>\n<\/ol>\n<p>\t\t\t\t\t\t\t\t<img loading=\"lazy\" loading=\"lazy\" width=\"512\" height=\"512\" src=\"https:\/\/irajalipour.com\/wp-content\/uploads\/2024\/10\/cropped-pp-1024x682-1.jpeg\" alt=\"Iraj Alipour\" decoding=\"async\" srcset=\"https:\/\/irajalipour.com\/wp-content\/uploads\/2024\/10\/cropped-pp-1024x682-1.jpeg 512w, https:\/\/irajalipour.com\/wp-content\/uploads\/2024\/10\/cropped-pp-1024x682-1-300x300.jpeg 300w, https:\/\/irajalipour.com\/wp-content\/uploads\/2024\/10\/cropped-pp-1024x682-1-150x150.jpeg 150w, https:\/\/irajalipour.com\/wp-content\/uploads\/2024\/10\/cropped-pp-1024x682-1-160x160.jpeg 160w, https:\/\/irajalipour.com\/wp-content\/uploads\/2024\/10\/cropped-pp-1024x682-1-270x270.jpeg 270w, https:\/\/irajalipour.com\/wp-content\/uploads\/2024\/10\/cropped-pp-1024x682-1-192x192.jpeg 192w, https:\/\/irajalipour.com\/wp-content\/uploads\/2024\/10\/cropped-pp-1024x682-1-180x180.jpeg 180w, https:\/\/irajalipour.com\/wp-content\/uploads\/2024\/10\/cropped-pp-1024x682-1-32x32.jpeg 32w\" sizes=\"auto, (max-width: 512px) 100vw, 512px\" \/><br \/>\n\t\t\t\t\t\tIraj Alipour\t\t\t\t\t<\/p>\n<h4 data-start=\"103\" data-end=\"156\"><strong data-start=\"107\" data-end=\"149\">Gemeinsam f\u00fcr eine Welt ohne Abfall<\/strong> \ud83c\udf0d\u267b\ufe0f<\/h4>\n<p data-start=\"157\" data-end=\"554\"><strong data-start=\"157\" data-end=\"173\">Iraj Alipour<\/strong>, Wirtschaftssenator der EU und Pr\u00e4sident der <strong data-start=\"219\" data-end=\"255\">Eco-Friendly Dolphin Association<\/strong>, setzt neue Ma\u00dfst\u00e4be f\u00fcr Nachhaltigkeit.\u00a0<\/p>\n<p data-start=\"157\" data-end=\"554\">Sein Ziel:\u00a0<br \/><strong data-start=\"308\" data-end=\"359\">Eine saubere Zukunft f\u00fcr kommende Generationen.<\/strong> Durch umweltbewusste Innovationen und internationale Kooperationen treibt er den Wandel hin zu einer <strong data-start=\"461\" data-end=\"494\">gr\u00fcneren, nachhaltigeren Welt<\/strong> voran.<br data-start=\"501\" data-end=\"504\" \/><br \/>\ud83d\udc49 <strong data-start=\"507\" data-end=\"539\">Seien Sie Teil der Bewegung!<\/strong> #IchBinNatur<\/p>\n","protected":false},"author":1,"featured_media":0,"parent":0,"menu_order":0,"comment_status":"closed","ping_status":"closed","template":"page-fullwidth.php","meta":{"footnotes":""},"class_list":["post-4978","page","type-page","status-publish","hentry"],"aioseo_notices":[],"_links":{"self":[{"href":"https:\/\/irajalipour.com\/index.php\/wp-json\/wp\/v2\/pages\/4978","targetHints":{"allow":["GET"]}}],"collection":[{"href":"https:\/\/irajalipour.com\/index.php\/wp-json\/wp\/v2\/pages"}],"about":[{"href":"https:\/\/irajalipour.com\/index.php\/wp-json\/wp\/v2\/types\/page"}],"author":[{"embeddable":true,"href":"https:\/\/irajalipour.com\/index.php\/wp-json\/wp\/v2\/users\/1"}],"replies":[{"embeddable":true,"href":"https:\/\/irajalipour.com\/index.php\/wp-json\/wp\/v2\/comments?post=4978"}],"version-history":[{"count":4,"href":"https:\/\/irajalipour.com\/index.php\/wp-json\/wp\/v2\/pages\/4978\/revisions"}],"predecessor-version":[{"id":4982,"href":"https:\/\/irajalipour.com\/index.php\/wp-json\/wp\/v2\/pages\/4978\/revisions\/4982"}],"wp:attachment":[{"href":"https:\/\/irajalipour.com\/index.php\/wp-json\/wp\/v2\/media?parent=4978"}],"curies":[{"name":"wp","href":"https:\/\/api.w.org\/{rel}","templated":true}]}}